{"id":326,"date":"2019-06-03T21:51:05","date_gmt":"2019-06-03T19:51:05","guid":{"rendered":"https:\/\/www.timevat.com\/?page_id=326"},"modified":"2023-05-02T09:26:46","modified_gmt":"2023-05-02T07:26:46","slug":"construction","status":"publish","type":"page","link":"https:\/\/www.timevat.com\/en\/byggeri\/","title":{"rendered":"Construction"},"content":{"rendered":"<style>.wp-block-kadence-advancedheading.kt-adv-heading_836f50-d2, .wp-block-kadence-advancedheading.kt-adv-heading_836f50-d2[data-kb-block=\"kb-adv-heading_836f50-d2\"]{font-style:normal;}.wp-block-kadence-advancedheading.kt-adv-heading_836f50-d2 mark.kt-highlight, .wp-block-kadence-advancedheading.kt-adv-heading_836f50-d2[data-kb-block=\"kb-adv-heading_836f50-d2\"] mark.kt-highlight{font-style:normal;color:#f76a0c;-webkit-box-decoration-break:clone;box-decoration-break:clone;padding-top:0px;padding-right:0px;padding-bottom:0px;padding-left:0px;}.wp-block-kadence-advancedheading.kt-adv-heading_836f50-d2 img.kb-inline-image, .wp-block-kadence-advancedheading.kt-adv-heading_836f50-d2[data-kb-block=\"kb-adv-heading_836f50-d2\"] img.kb-inline-image{width:150px;vertical-align:baseline;}<\/style>\n<h2 class=\"kt-adv-heading_836f50-d2 wp-block-kadence-advancedheading\" data-kb-block=\"kb-adv-heading_836f50-d2\">Din entreprise specialist i Skandinavien<\/h2>\n\n\n<style>.wp-block-kadence-advancedheading.kt-adv-heading_21e1d8-e3, .wp-block-kadence-advancedheading.kt-adv-heading_21e1d8-e3[data-kb-block=\"kb-adv-heading_21e1d8-e3\"]{font-style:normal;}.wp-block-kadence-advancedheading.kt-adv-heading_21e1d8-e3 mark.kt-highlight, .wp-block-kadence-advancedheading.kt-adv-heading_21e1d8-e3[data-kb-block=\"kb-adv-heading_21e1d8-e3\"] mark.kt-highlight{font-style:normal;color:#f76a0c;-webkit-box-decoration-break:clone;box-decoration-break:clone;padding-top:0px;padding-right:0px;padding-bottom:0px;padding-left:0px;}.wp-block-kadence-advancedheading.kt-adv-heading_21e1d8-e3 img.kb-inline-image, .wp-block-kadence-advancedheading.kt-adv-heading_21e1d8-e3[data-kb-block=\"kb-adv-heading_21e1d8-e3\"] img.kb-inline-image{width:150px;vertical-align:baseline;}<\/style>\n<h5 class=\"kt-adv-heading_21e1d8-e3 toptext wp-block-kadence-advancedheading\" data-kb-block=\"kb-adv-heading_21e1d8-e3\">Har du f\u00e5et et rigtig godt bygge \u2013 eller entrepriseprojekt i Skandinavien?<br>Men sidder du nu og er overv\u00e6ldet over de mange krav til registrering og rapportering? Er du blevet udfordret af <a href=\"https:\/\/www.hmskort.no\/\">HMS<\/a> og ID06 kort F-skatte- og momsregistrering og har sp\u00f8rgsm\u00e5l til hvilke dokumenter medarbejdere skal have p\u00e5 plads inden de arbejder p\u00e5 byggeprojekter i Skandinavien?<\/h5>\n\n\n\n<div class=\"wp-block-columns is-layout-flex wp-container-core-columns-is-layout-9d6595d7 wp-block-columns-is-layout-flex\">\n<div class=\"wp-block-column is-layout-flow wp-block-column-is-layout-flow\">\n<p>TIMEVAT&nbsp;har flere \u00e5rs erfaring med bygge- og anl\u00e6gsbranchen.<br>Uanset projektets st\u00f8rrelse og antallet af medarbejdere, har TIMEVAT erfaringen, der kan komme dig til gode. Vi kender dine forpligtelser og kender de forskellige formularer og ans\u00f8gning. Vi er vant til at kommunikere med myndigheder p\u00e5 vegne af udenlandske virksomheder. TIMEVAT styrer administration af dit byggeprojekt i udlandet, s\u00e5 du ikke kommer i klemme.<\/p>\n\n\n\n<p>Virksomheder med projekter i Skandinavien skal i udgangspunktet registrere sig i en eller anden form. De skal tilsikre, at de danske og udenlandske medarbejdere, der arbejder for virksomheden, er korrekt registreret. Og I skal kunne dokumentere beskatningsland og social sikring. Samtidig skal virksomhederne foretage l\u00f8bende indberetninger om projekter og medarbejderne. Alt det kan TIMEVAT hj\u00e6lpe dig med.<\/p>\n<\/div>\n\n\n\n<div class=\"wp-block-column is-layout-flow wp-block-column-is-layout-flow\">\n<p>Tanken bag TIMEVATs services til virksomheder indenfor bygge- og anl\u00e6gsbranchen er, at du skal fokusere p\u00e5 din kernekompetence og v\u00e6re i stand til at overholde aftalerne med Bygherre, underleverand\u00f8rer og medarbejdere.<\/p>\n\n\n\n<p>Det mener vi g\u00f8res bedst ved at l\u00e6gge registrering, indberetning og rapporteringsforpligtelser ud til TIMEVAT.<\/p>\n\n\n\n<p>TIMEVAT har styr p\u00e5 dine forpligtelser og du f\u00e5r en fast kontaktperson, der varetager dine interesser i udlandet.<\/p>\n<\/div>\n<\/div>\n\n\n<style>.wp-block-kadence-advancedheading.kt-adv-heading_a541bf-ff, .wp-block-kadence-advancedheading.kt-adv-heading_a541bf-ff[data-kb-block=\"kb-adv-heading_a541bf-ff\"]{font-style:normal;}.wp-block-kadence-advancedheading.kt-adv-heading_a541bf-ff mark.kt-highlight, .wp-block-kadence-advancedheading.kt-adv-heading_a541bf-ff[data-kb-block=\"kb-adv-heading_a541bf-ff\"] mark.kt-highlight{font-style:normal;color:#f76a0c;-webkit-box-decoration-break:clone;box-decoration-break:clone;padding-top:0px;padding-right:0px;padding-bottom:0px;padding-left:0px;}.wp-block-kadence-advancedheading.kt-adv-heading_a541bf-ff img.kb-inline-image, .wp-block-kadence-advancedheading.kt-adv-heading_a541bf-ff[data-kb-block=\"kb-adv-heading_a541bf-ff\"] img.kb-inline-image{width:150px;vertical-align:baseline;}<\/style>\n<h4 class=\"kt-adv-heading_a541bf-ff wp-block-kadence-advancedheading\" data-kb-block=\"kb-adv-heading_a541bf-ff\">Din entreprise specialist<\/h4>\n\n\n\n<div class=\"wp-block-columns is-layout-flex wp-container-core-columns-is-layout-9d6595d7 wp-block-columns-is-layout-flex\">\n<div class=\"wp-block-column is-layout-flow wp-block-column-is-layout-flow\">\n<p>Har du brug for at fokusere p\u00e5 projektet, mandskabet og materialet? Mangler du tiden og ressourcerne til s\u00e6tte dig ind i F-skatteregler, byggekort, ID-kontrol og beskatning osv. osv?<\/p>\n<\/div>\n\n\n\n<div class=\"wp-block-column is-layout-flow wp-block-column-is-layout-flow\">\n<p>Vi har desuden et t\u00e6t samarbejde med brancheforeninger indenfor byggeri og anl\u00e6g.<br><\/p>\n<\/div>\n<\/div>\n\n\n<style>.kb-row-layout-wrap.wp-block-kadence-rowlayout.kb-row-layout-id_6069bb-45{margin-top:var(--global-kb-spacing-xl, 4rem);}.kb-row-layout-id_6069bb-45 > .kt-row-column-wrap{align-content:center;}:where(.kb-row-layout-id_6069bb-45 > .kt-row-column-wrap) > .wp-block-kadence-column{justify-content:center;}.kb-row-layout-id_6069bb-45 > .kt-row-column-wrap{column-gap:80px;row-gap:var(--global-kb-gap-md, 2rem);max-width:var( --global-content-width, 1400px );padding-left:var(--global-content-edge-padding);padding-right:var(--global-content-edge-padding);padding-top:2em;padding-bottom:2em;grid-template-columns:minmax(0, calc(70% - ((80px * 1 )\/2)))minmax(0, calc(30% - ((80px * 1 )\/2)));}.kb-row-layout-id_6069bb-45 > .kt-row-layout-overlay{opacity:0.30;}.kb-row-layout-id_6069bb-45 ,.kb-row-layout-id_6069bb-45 h1,.kb-row-layout-id_6069bb-45 h2,.kb-row-layout-id_6069bb-45 h3,.kb-row-layout-id_6069bb-45 h4,.kb-row-layout-id_6069bb-45 h5,.kb-row-layout-id_6069bb-45 h6{color:var(--global-palette9, #ffffff);}@media all and (max-width: 1024px){.kb-row-layout-id_6069bb-45 > .kt-row-column-wrap{padding-top:4em;padding-bottom:4em;grid-template-columns:repeat(2, minmax(0, 1fr));}}@media all and (max-width: 767px){.kb-row-layout-id_6069bb-45 > .kt-row-column-wrap{padding-top:2em;padding-bottom:2em;grid-template-columns:minmax(0, 1fr);}}<\/style><div class=\"kb-row-layout-wrap kb-row-layout-id_6069bb-45 alignnone has-theme-palette2-background-color kt-row-has-bg wp-block-kadence-rowlayout\"><div class=\"kt-row-column-wrap kt-has-2-columns kt-row-layout-equal kt-tab-layout-inherit kt-mobile-layout-row kt-row-valign-middle kb-theme-content-width\">\n<style>.kadence-column_1e4453-e3 > .kt-inside-inner-col,.kadence-column_1e4453-e3 > .kt-inside-inner-col:before{border-top-left-radius:0px;border-top-right-radius:0px;border-bottom-right-radius:0px;border-bottom-left-radius:0px;}.kadence-column_1e4453-e3 > .kt-inside-inner-col{column-gap:var(--global-kb-gap-sm, 1rem);}.kadence-column_1e4453-e3 > .kt-inside-inner-col{flex-direction:column;}.kadence-column_1e4453-e3 > .kt-inside-inner-col > .aligncenter{width:100%;}.kadence-column_1e4453-e3 > .kt-inside-inner-col:before{opacity:0.3;}.kadence-column_1e4453-e3{position:relative;}@media all and (max-width: 1024px){.kadence-column_1e4453-e3 > .kt-inside-inner-col{flex-direction:column;justify-content:center;}}@media all and (max-width: 767px){.kadence-column_1e4453-e3 > .kt-inside-inner-col{flex-direction:column;justify-content:center;}}<\/style>\n<div class=\"wp-block-kadence-column kadence-column_1e4453-e3\"><div class=\"kt-inside-inner-col\"><style>.wp-block-kadence-advancedheading.kt-adv-heading_3ec5f1-93, .wp-block-kadence-advancedheading.kt-adv-heading_3ec5f1-93[data-kb-block=\"kb-adv-heading_3ec5f1-93\"]{font-size:var(--global-kb-font-size-md, 1.25rem);font-style:normal;}.wp-block-kadence-advancedheading.kt-adv-heading_3ec5f1-93 mark.kt-highlight, .wp-block-kadence-advancedheading.kt-adv-heading_3ec5f1-93[data-kb-block=\"kb-adv-heading_3ec5f1-93\"] mark.kt-highlight{font-style:normal;color:#f76a0c;-webkit-box-decoration-break:clone;box-decoration-break:clone;padding-top:0px;padding-right:0px;padding-bottom:0px;padding-left:0px;}.wp-block-kadence-advancedheading.kt-adv-heading_3ec5f1-93 img.kb-inline-image, .wp-block-kadence-advancedheading.kt-adv-heading_3ec5f1-93[data-kb-block=\"kb-adv-heading_3ec5f1-93\"] img.kb-inline-image{width:150px;vertical-align:baseline;}<\/style>\n<p class=\"kt-adv-heading_3ec5f1-93 wp-block-kadence-advancedheading\" data-kb-block=\"kb-adv-heading_3ec5f1-93\">Rapportering af projekt, kontrakt og mandskab<\/p>\n<\/div><\/div>\n\n\n<style>.kadence-column_e7b2f0-50 > .kt-inside-inner-col,.kadence-column_e7b2f0-50 > .kt-inside-inner-col:before{border-top-left-radius:0px;border-top-right-radius:0px;border-bottom-right-radius:0px;border-bottom-left-radius:0px;}.kadence-column_e7b2f0-50 > .kt-inside-inner-col{column-gap:var(--global-kb-gap-sm, 1rem);}.kadence-column_e7b2f0-50 > .kt-inside-inner-col{flex-direction:column;}.kadence-column_e7b2f0-50 > .kt-inside-inner-col > .aligncenter{width:100%;}.kadence-column_e7b2f0-50 > .kt-inside-inner-col:before{opacity:0.3;}.kadence-column_e7b2f0-50{position:relative;}@media all and (max-width: 1024px){.kadence-column_e7b2f0-50 > .kt-inside-inner-col{flex-direction:column;justify-content:center;}}@media all and (max-width: 767px){.kadence-column_e7b2f0-50 > .kt-inside-inner-col{flex-direction:column;justify-content:center;}}<\/style>\n<div class=\"wp-block-kadence-column kadence-column_e7b2f0-50\"><div class=\"kt-inside-inner-col\"><style>.wp-block-kadence-advancedbtn.kb-btns_cf6b8c-41{gap:var(--global-kb-gap-xs, 0.5rem );justify-content:flex-end;align-items:center;}.kt-btns_cf6b8c-41 .kt-button{font-weight:normal;font-style:normal;}.kt-btns_cf6b8c-41 .kt-btn-wrap-0{margin-right:5px;}.wp-block-kadence-advancedbtn.kt-btns_cf6b8c-41 .kt-btn-wrap-0 .kt-button{color:#555555;border-color:#555555;}.wp-block-kadence-advancedbtn.kt-btns_cf6b8c-41 .kt-btn-wrap-0 .kt-button:hover, .wp-block-kadence-advancedbtn.kt-btns_cf6b8c-41 .kt-btn-wrap-0 .kt-button:focus{color:#ffffff;border-color:#444444;}.wp-block-kadence-advancedbtn.kt-btns_cf6b8c-41 .kt-btn-wrap-0 .kt-button::before{display:none;}.wp-block-kadence-advancedbtn.kt-btns_cf6b8c-41 .kt-btn-wrap-0 .kt-button:hover, .wp-block-kadence-advancedbtn.kt-btns_cf6b8c-41 .kt-btn-wrap-0 .kt-button:focus{background:#444444;}<\/style>\n<div class=\"wp-block-kadence-advancedbtn kb-buttons-wrap kb-btns_cf6b8c-41\"><style>ul.menu .wp-block-kadence-advancedbtn .kb-btn_0b7fe8-6d.kb-button{width:initial;}.wp-block-kadence-advancedbtn .kb-btn_0b7fe8-6d.kb-button{color:var(--global-palette3, #1A202C);background:var(--global-palette9, #ffffff);}.wp-block-kadence-advancedbtn .kb-btn_0b7fe8-6d.kb-button:hover, .wp-block-kadence-advancedbtn .kb-btn_0b7fe8-6d.kb-button:focus{color:var(--global-palette9, #ffffff);background:var(--global-palette6, #718096);}<\/style><a class=\"kb-button kt-button button kb-btn_0b7fe8-6d kt-btn-size-standard kt-btn-width-type-auto kb-btn-global-inherit  kt-btn-has-text-true kt-btn-has-svg-false  wp-block-button__link wp-block-kadence-singlebtn\" href=\"\/informationsheet-for-contract\/\"><span class=\"kt-btn-inner-text\">G\u00e5 til formular<\/span><\/a><\/div>\n<\/div><\/div>\n\n<\/div><\/div>","protected":false},"excerpt":{"rendered":"<p>Din entreprise specialist i Skandinavien Har du f\u00e5et et rigtig godt bygge \u2013 eller entrepriseprojekt i Skandinavien?Men sidder du nu og er overv\u00e6ldet over de mange krav til registrering og rapportering? Er du blevet udfordret af HMS og ID06 kort F-skatte- og momsregistrering og har sp\u00f8rgsm\u00e5l til hvilke dokumenter medarbejdere skal have p\u00e5 plads inden&#8230;<\/p>","protected":false},"author":1,"featured_media":435,"parent":0,"menu_order":0,"comment_status":"closed","ping_status":"closed","template":"","meta":{"inline_featured_image":false,"_kad_blocks_custom_css":"","_kad_blocks_head_custom_js":"","_kad_blocks_body_custom_js":"","_kad_blocks_footer_custom_js":"","_kad_post_transparent":"","_kad_post_title":"","_kad_post_layout":"","_kad_post_sidebar_id":"","_kad_post_content_style":"","_kad_post_vertical_padding":"","_kad_post_feature":"","_kad_post_feature_position":"","_kad_post_header":false,"_kad_post_footer":false,"_kad_post_classname":"","footnotes":""},"class_list":["post-326","page","type-page","status-publish","has-post-thumbnail","hentry"],"yoast_head":"<!-- This site is optimized with the Yoast SEO plugin v27.1.1 - https:\/\/yoast.com\/product\/yoast-seo-wordpress\/ -->\n<title>Byggeri - TIMEVAT<\/title>\n<meta name=\"description\" content=\"entepriser i udlandet, HMS, HMS kort, byggekort, F skat, F-skatt, enteprise Norge, byggeri Sverige, byggeri Skandinavien, ID06, enteprise Finland\" \/>\n<meta name=\"robots\" content=\"index, follow, max-snippet:-1, max-image-preview:large, max-video-preview:-1\" \/>\n<link rel=\"canonical\" href=\"https:\/\/www.timevat.com\/en\/construction\/\" \/>\n<meta property=\"og:locale\" content=\"en_GB\" \/>\n<meta property=\"og:type\" content=\"article\" \/>\n<meta property=\"og:title\" content=\"Byggeri - TIMEVAT\" \/>\n<meta property=\"og:description\" content=\"entepriser i udlandet, HMS, HMS kort, byggekort, F skat, F-skatt, enteprise Norge, byggeri Sverige, byggeri Skandinavien, ID06, enteprise Finland\" \/>\n<meta property=\"og:url\" content=\"https:\/\/www.timevat.com\/en\/construction\/\" \/>\n<meta property=\"og:site_name\" content=\"TIMEVAT\" \/>\n<meta property=\"article:modified_time\" content=\"2023-05-02T07:26:46+00:00\" \/>\n<meta property=\"og:image\" content=\"https:\/\/www.timevat.com\/wp-content\/uploads\/b2.jpg\" \/>\n\t<meta property=\"og:image:width\" content=\"870\" \/>\n\t<meta property=\"og:image:height\" content=\"570\" \/>\n\t<meta property=\"og:image:type\" content=\"image\/jpeg\" \/>\n<meta name=\"twitter:card\" content=\"summary_large_image\" \/>\n<meta name=\"twitter:label1\" content=\"Estimated reading time\" \/>\n\t<meta name=\"twitter:data1\" content=\"2 minutes\" \/>\n<script type=\"application\/ld+json\" class=\"yoast-schema-graph\">{\"@context\":\"https:\/\/schema.org\",\"@graph\":[{\"@type\":\"WebPage\",\"@id\":\"https:\/\/www.timevat.com\/byggeri\/\",\"url\":\"https:\/\/www.timevat.com\/byggeri\/\",\"name\":\"Byggeri - TIMEVAT\",\"isPartOf\":{\"@id\":\"https:\/\/www.timevat.com\/#website\"},\"primaryImageOfPage\":{\"@id\":\"https:\/\/www.timevat.com\/byggeri\/#primaryimage\"},\"image\":{\"@id\":\"https:\/\/www.timevat.com\/byggeri\/#primaryimage\"},\"thumbnailUrl\":\"https:\/\/www.timevat.com\/wp-content\/uploads\/b2.jpg\",\"datePublished\":\"2019-06-03T19:51:05+00:00\",\"dateModified\":\"2023-05-02T07:26:46+00:00\",\"description\":\"entepriser i udlandet, HMS, HMS kort, byggekort, F skat, F-skatt, enteprise Norge, byggeri Sverige, byggeri Skandinavien, ID06, enteprise Finland\",\"breadcrumb\":{\"@id\":\"https:\/\/www.timevat.com\/byggeri\/#breadcrumb\"},\"inLanguage\":\"en-GB\",\"potentialAction\":[{\"@type\":\"ReadAction\",\"target\":[\"https:\/\/www.timevat.com\/byggeri\/\"]}]},{\"@type\":\"ImageObject\",\"inLanguage\":\"en-GB\",\"@id\":\"https:\/\/www.timevat.com\/byggeri\/#primaryimage\",\"url\":\"https:\/\/www.timevat.com\/wp-content\/uploads\/b2.jpg\",\"contentUrl\":\"https:\/\/www.timevat.com\/wp-content\/uploads\/b2.jpg\",\"width\":870,\"height\":570},{\"@type\":\"BreadcrumbList\",\"@id\":\"https:\/\/www.timevat.com\/byggeri\/#breadcrumb\",\"itemListElement\":[{\"@type\":\"ListItem\",\"position\":1,\"name\":\"Hjem\",\"item\":\"https:\/\/www.timevat.com\/\"},{\"@type\":\"ListItem\",\"position\":2,\"name\":\"Byggeri\"}]},{\"@type\":\"WebSite\",\"@id\":\"https:\/\/www.timevat.com\/#website\",\"url\":\"https:\/\/www.timevat.com\/\",\"name\":\"TIMEVAT\",\"description\":\"\",\"publisher\":{\"@id\":\"https:\/\/www.timevat.com\/#organization\"},\"potentialAction\":[{\"@type\":\"SearchAction\",\"target\":{\"@type\":\"EntryPoint\",\"urlTemplate\":\"https:\/\/www.timevat.com\/?s={search_term_string}\"},\"query-input\":{\"@type\":\"PropertyValueSpecification\",\"valueRequired\":true,\"valueName\":\"search_term_string\"}}],\"inLanguage\":\"en-GB\"},{\"@type\":\"Organization\",\"@id\":\"https:\/\/www.timevat.com\/#organization\",\"name\":\"TIMEVAT A\/S\",\"url\":\"https:\/\/www.timevat.com\/\",\"logo\":{\"@type\":\"ImageObject\",\"inLanguage\":\"en-GB\",\"@id\":\"https:\/\/www.timevat.com\/#\/schema\/logo\/image\/\",\"url\":\"https:\/\/www.timevat.com\/wp-content\/uploads\/TimevatFINALfarveLILLE1.png\",\"contentUrl\":\"https:\/\/www.timevat.com\/wp-content\/uploads\/TimevatFINALfarveLILLE1.png\",\"width\":308,\"height\":60,\"caption\":\"TIMEVAT A\/S\"},\"image\":{\"@id\":\"https:\/\/www.timevat.com\/#\/schema\/logo\/image\/\"},\"sameAs\":[\"https:\/\/www.linkedin.com\/company\/timevat-a-s\/about\/\"]}]}<\/script>\n<!-- \/ Yoast SEO plugin. -->","yoast_head_json":{"title":"Construction - TIMEVAT","description":"entepriser i udlandet, HMS, HMS kort, byggekort, F skat, F-skatt, enteprise Norge, byggeri Sverige, byggeri Skandinavien, ID06, enteprise Finland","robots":{"index":"index","follow":"follow","max-snippet":"max-snippet:-1","max-image-preview":"max-image-preview:large","max-video-preview":"max-video-preview:-1"},"canonical":"https:\/\/www.timevat.com\/en\/construction\/","og_locale":"en_GB","og_type":"article","og_title":"Byggeri - TIMEVAT","og_description":"entepriser i udlandet, HMS, HMS kort, byggekort, F skat, F-skatt, enteprise Norge, byggeri Sverige, byggeri Skandinavien, ID06, enteprise Finland","og_url":"https:\/\/www.timevat.com\/en\/construction\/","og_site_name":"TIMEVAT","article_modified_time":"2023-05-02T07:26:46+00:00","og_image":[{"width":870,"height":570,"url":"https:\/\/www.timevat.com\/wp-content\/uploads\/b2.jpg","type":"image\/jpeg"}],"twitter_card":"summary_large_image","twitter_misc":{"Estimated reading time":"2 minutes"},"schema":{"@context":"https:\/\/schema.org","@graph":[{"@type":"WebPage","@id":"https:\/\/www.timevat.com\/byggeri\/","url":"https:\/\/www.timevat.com\/byggeri\/","name":"Construction - TIMEVAT","isPartOf":{"@id":"https:\/\/www.timevat.com\/#website"},"primaryImageOfPage":{"@id":"https:\/\/www.timevat.com\/byggeri\/#primaryimage"},"image":{"@id":"https:\/\/www.timevat.com\/byggeri\/#primaryimage"},"thumbnailUrl":"https:\/\/www.timevat.com\/wp-content\/uploads\/b2.jpg","datePublished":"2019-06-03T19:51:05+00:00","dateModified":"2023-05-02T07:26:46+00:00","description":"entepriser i udlandet, HMS, HMS kort, byggekort, F skat, F-skatt, enteprise Norge, byggeri Sverige, byggeri Skandinavien, ID06, enteprise Finland","breadcrumb":{"@id":"https:\/\/www.timevat.com\/byggeri\/#breadcrumb"},"inLanguage":"en-GB","potentialAction":[{"@type":"ReadAction","target":["https:\/\/www.timevat.com\/byggeri\/"]}]},{"@type":"ImageObject","inLanguage":"en-GB","@id":"https:\/\/www.timevat.com\/byggeri\/#primaryimage","url":"https:\/\/www.timevat.com\/wp-content\/uploads\/b2.jpg","contentUrl":"https:\/\/www.timevat.com\/wp-content\/uploads\/b2.jpg","width":870,"height":570},{"@type":"BreadcrumbList","@id":"https:\/\/www.timevat.com\/byggeri\/#breadcrumb","itemListElement":[{"@type":"ListItem","position":1,"name":"Hjem","item":"https:\/\/www.timevat.com\/"},{"@type":"ListItem","position":2,"name":"Byggeri"}]},{"@type":"WebSite","@id":"https:\/\/www.timevat.com\/#website","url":"https:\/\/www.timevat.com\/","name":"TIMEVAT","description":"","publisher":{"@id":"https:\/\/www.timevat.com\/#organization"},"potentialAction":[{"@type":"SearchAction","target":{"@type":"EntryPoint","urlTemplate":"https:\/\/www.timevat.com\/?s={search_term_string}"},"query-input":{"@type":"PropertyValueSpecification","valueRequired":true,"valueName":"search_term_string"}}],"inLanguage":"en-GB"},{"@type":"Organization","@id":"https:\/\/www.timevat.com\/#organization","name":"TIMEVAT A\/S","url":"https:\/\/www.timevat.com\/","logo":{"@type":"ImageObject","inLanguage":"en-GB","@id":"https:\/\/www.timevat.com\/#\/schema\/logo\/image\/","url":"https:\/\/www.timevat.com\/wp-content\/uploads\/TimevatFINALfarveLILLE1.png","contentUrl":"https:\/\/www.timevat.com\/wp-content\/uploads\/TimevatFINALfarveLILLE1.png","width":308,"height":60,"caption":"TIMEVAT A\/S"},"image":{"@id":"https:\/\/www.timevat.com\/#\/schema\/logo\/image\/"},"sameAs":["https:\/\/www.linkedin.com\/company\/timevat-a-s\/about\/"]}]}},"taxonomy_info":[],"featured_image_src_large":["https:\/\/www.timevat.com\/wp-content\/uploads\/b2.jpg",870,570,false],"author_info":{"display_name":"admin","author_link":"https:\/\/www.timevat.com\/en\/author\/admin\/"},"comment_info":0,"_links":{"self":[{"href":"https:\/\/www.timevat.com\/en\/wp-json\/wp\/v2\/pages\/326","targetHints":{"allow":["GET"]}}],"collection":[{"href":"https:\/\/www.timevat.com\/en\/wp-json\/wp\/v2\/pages"}],"about":[{"href":"https:\/\/www.timevat.com\/en\/wp-json\/wp\/v2\/types\/page"}],"author":[{"embeddable":true,"href":"https:\/\/www.timevat.com\/en\/wp-json\/wp\/v2\/users\/1"}],"replies":[{"embeddable":true,"href":"https:\/\/www.timevat.com\/en\/wp-json\/wp\/v2\/comments?post=326"}],"version-history":[{"count":21,"href":"https:\/\/www.timevat.com\/en\/wp-json\/wp\/v2\/pages\/326\/revisions"}],"predecessor-version":[{"id":4700,"href":"https:\/\/www.timevat.com\/en\/wp-json\/wp\/v2\/pages\/326\/revisions\/4700"}],"wp:featuredmedia":[{"embeddable":true,"href":"https:\/\/www.timevat.com\/en\/wp-json\/wp\/v2\/media\/435"}],"wp:attachment":[{"href":"https:\/\/www.timevat.com\/en\/wp-json\/wp\/v2\/media?parent=326"}],"curies":[{"name":"wp","href":"https:\/\/api.w.org\/{rel}","templated":true}]}}