{"id":3354,"date":"2022-10-10T12:00:32","date_gmt":"2022-10-10T10:00:32","guid":{"rendered":"https:\/\/www.timevat.com\/?page_id=3354"},"modified":"2023-05-02T09:23:42","modified_gmt":"2023-05-02T07:23:42","slug":"amazon-fulfillment-center","status":"publish","type":"page","link":"https:\/\/www.timevat.com\/en\/amazon-fulfillment-center\/","title":{"rendered":"Amazon\/OMP"},"content":{"rendered":"<style>.wp-block-kadence-advancedheading.kt-adv-heading_836f50-d2, .wp-block-kadence-advancedheading.kt-adv-heading_836f50-d2[data-kb-block=\"kb-adv-heading_836f50-d2\"]{font-style:normal;}.wp-block-kadence-advancedheading.kt-adv-heading_836f50-d2 mark.kt-highlight, .wp-block-kadence-advancedheading.kt-adv-heading_836f50-d2[data-kb-block=\"kb-adv-heading_836f50-d2\"] mark.kt-highlight{font-style:normal;color:#f76a0c;-webkit-box-decoration-break:clone;box-decoration-break:clone;padding-top:0px;padding-right:0px;padding-bottom:0px;padding-left:0px;}.wp-block-kadence-advancedheading.kt-adv-heading_836f50-d2 img.kb-inline-image, .wp-block-kadence-advancedheading.kt-adv-heading_836f50-d2[data-kb-block=\"kb-adv-heading_836f50-d2\"] img.kb-inline-image{width:150px;vertical-align:baseline;}<\/style>\n<h2 class=\"kt-adv-heading_836f50-d2 wp-block-kadence-advancedheading\" data-kb-block=\"kb-adv-heading_836f50-d2\">Amazon FBA<\/h2>\n\n\n<style>.wp-block-kadence-advancedheading.kt-adv-heading_5b81f7-49, .wp-block-kadence-advancedheading.kt-adv-heading_5b81f7-49[data-kb-block=\"kb-adv-heading_5b81f7-49\"]{font-style:normal;}.wp-block-kadence-advancedheading.kt-adv-heading_5b81f7-49 mark.kt-highlight, .wp-block-kadence-advancedheading.kt-adv-heading_5b81f7-49[data-kb-block=\"kb-adv-heading_5b81f7-49\"] mark.kt-highlight{font-style:normal;color:#f76a0c;-webkit-box-decoration-break:clone;box-decoration-break:clone;padding-top:0px;padding-right:0px;padding-bottom:0px;padding-left:0px;}.wp-block-kadence-advancedheading.kt-adv-heading_5b81f7-49 img.kb-inline-image, .wp-block-kadence-advancedheading.kt-adv-heading_5b81f7-49[data-kb-block=\"kb-adv-heading_5b81f7-49\"] img.kb-inline-image{width:150px;vertical-align:baseline;}<\/style>\n<h5 class=\"kt-adv-heading_5b81f7-49 toptext wp-block-kadence-advancedheading\" data-kb-block=\"kb-adv-heading_5b81f7-49\">Amazon FBA giver danske selskaber adgang til hele EU som et \u00e5bent og frit marked. Det muligg\u00f8r hurtige leveringstider med Amazon direkte til EU-forbrugere og virksomheder.<\/h5>\n\n\n\n<div class=\"wp-block-columns is-layout-flex wp-container-core-columns-is-layout-9d6595d7 wp-block-columns-is-layout-flex\">\n<div class=\"wp-block-column is-layout-flow wp-block-column-is-layout-flow\">\n<p>Flere danske selskaber benytter sig af Amazon FBA (amazon fulfillment center), hvor selskabets varer placeres p\u00e5 et Amazon lager. Herefter er det Amazon, der plukker, pakker og sender de solgte varer.<\/p>\n\n\n\n<p>Samtidig giver FBA l\u00f8sningen mulighed for, at Amazon via egne algoritmer kan flytte selskabets varebeholdning rundt til andre Amazon lagre i EU.<\/p>\n\n\n\n<p>Denne l\u00f8sning v\u00e6lges prim\u00e6rt, men ikke udelukkende, af selskaber med en Amazon Seller Account og indgangen til at starte med at s\u00e6lge p\u00e5 Amazon er som oftest p\u00e5 Amazon DE.<\/p>\n<\/div>\n\n\n\n<div class=\"wp-block-column is-layout-flow wp-block-column-is-layout-flow\">\n<p>Der kan dog hurtigt komme sk\u00e5r i gl\u00e6den, n\u00e5r selskabet skal h\u00e5ndtere moms og EU-registreringer i EU. Den korrekte h\u00e5ndtering kommer dels af de lokale momsregistreringer i eksempelvis  Amazon UK, Amazon PL eller Amazon FR.<\/p>\n\n\n\n<p>Samtidig skal selskabet v\u00e6re korrekt registreret i Danmark og have udvalgt de pr\u00e6cise registreringer i Amazons eget system.<\/p>\n<\/div>\n<\/div>\n\n\n<style>.wp-block-kadence-advancedheading.kt-adv-heading_a541bf-ff, .wp-block-kadence-advancedheading.kt-adv-heading_a541bf-ff[data-kb-block=\"kb-adv-heading_a541bf-ff\"]{font-style:normal;}.wp-block-kadence-advancedheading.kt-adv-heading_a541bf-ff mark.kt-highlight, .wp-block-kadence-advancedheading.kt-adv-heading_a541bf-ff[data-kb-block=\"kb-adv-heading_a541bf-ff\"] mark.kt-highlight{font-style:normal;color:#f76a0c;-webkit-box-decoration-break:clone;box-decoration-break:clone;padding-top:0px;padding-right:0px;padding-bottom:0px;padding-left:0px;}.wp-block-kadence-advancedheading.kt-adv-heading_a541bf-ff img.kb-inline-image, .wp-block-kadence-advancedheading.kt-adv-heading_a541bf-ff[data-kb-block=\"kb-adv-heading_a541bf-ff\"] img.kb-inline-image{width:150px;vertical-align:baseline;}<\/style>\n<h4 class=\"kt-adv-heading_a541bf-ff wp-block-kadence-advancedheading\" data-kb-block=\"kb-adv-heading_a541bf-ff\">Digitale l\u00f8sninger<\/h4>\n\n\n\n<div class=\"wp-block-columns is-layout-flex wp-container-core-columns-is-layout-9d6595d7 wp-block-columns-is-layout-flex\">\n<div class=\"wp-block-column is-layout-flow wp-block-column-is-layout-flow\">\n<p>TIMEVAT har udviklet et digitalt v\u00e6rkt\u00f8j til udarbejdelse af momsrapporter til de forskellige EU-lande baseret p\u00e5 data fra Amazon og andre kilder. Med TIMEVAT er det samtidig muligt l\u00f8bende at overv\u00e5ge om selskabet f\u00e5r rapporterings- og registreringsforpligtelser i andre EU-lande.<\/p>\n\n\n\n<p>TIMEVAT har stort kendskab til Amazons momsl\u00f8sninger og har mulighed for at assistere danske selskaber med faglig knowhow og praktisk erfaring med registreringer og rapporteringer.<\/p>\n<\/div>\n\n\n\n<div class=\"wp-block-column is-layout-flow wp-block-column-is-layout-flow\">\n<p>TIMEVAT har kompetencerne til at assistere med registrering og rapportering i alle de lande, hvor Amazon er til stede. Sammen med TIMEVAT har I mulighed for bedre og mere sikkert at udnytte Amazon FBA.<\/p>\n\n\n\n<p>Dette ogs\u00e5 selvom man opstarter p\u00e5 Amazon DE og f\u00f8rst senere kobler nye lande som Amazon UK, Amazon PL eller Amazon FR p\u00e5 senere.<\/p>\n<\/div>\n<\/div>\n","protected":false},"excerpt":{"rendered":"<p>Amazon FBA Amazon FBA giver danske selskaber adgang til hele EU som et \u00e5bent og frit marked. Det muligg\u00f8r hurtige leveringstider med Amazon direkte til EU-forbrugere og virksomheder. Flere danske selskaber benytter sig af Amazon FBA (amazon fulfillment center), hvor selskabets varer placeres p\u00e5 et Amazon lager. Herefter er det Amazon, der plukker, pakker og&#8230;<\/p>","protected":false},"author":1,"featured_media":3358,"parent":0,"menu_order":0,"comment_status":"closed","ping_status":"closed","template":"","meta":{"inline_featured_image":false,"_kad_blocks_custom_css":"","_kad_blocks_head_custom_js":"","_kad_blocks_body_custom_js":"","_kad_blocks_footer_custom_js":"","_kad_post_transparent":"","_kad_post_title":"","_kad_post_layout":"","_kad_post_sidebar_id":"","_kad_post_content_style":"","_kad_post_vertical_padding":"","_kad_post_feature":"","_kad_post_feature_position":"","_kad_post_header":false,"_kad_post_footer":false,"_kad_post_classname":"","footnotes":""},"class_list":["post-3354","page","type-page","status-publish","has-post-thumbnail","hentry"],"yoast_head":"<!-- This site is optimized with the Yoast SEO plugin v27.1.1 - https:\/\/yoast.com\/product\/yoast-seo-wordpress\/ -->\n<title>Amazon\/OMP - TIMEVAT<\/title>\n<meta name=\"description\" content=\"F\u00e5 digitale momsl\u00f8sninger med TIMEVAT, n\u00e5r I s\u00e6lger varer via Amazon FBA i eksempelvis Amazon DE, Amazon FR, Amazon PL eller lign.\" \/>\n<meta name=\"robots\" content=\"index, follow, max-snippet:-1, max-image-preview:large, max-video-preview:-1\" \/>\n<link rel=\"canonical\" href=\"https:\/\/www.timevat.com\/en\/amazon-fulfillment-center\/\" \/>\n<meta property=\"og:locale\" content=\"en_GB\" \/>\n<meta property=\"og:type\" content=\"article\" \/>\n<meta property=\"og:title\" content=\"Amazon\/OMP - TIMEVAT\" \/>\n<meta property=\"og:description\" content=\"F\u00e5 digitale momsl\u00f8sninger med TIMEVAT, n\u00e5r I s\u00e6lger varer via Amazon FBA i eksempelvis Amazon DE, Amazon FR, Amazon PL eller lign.\" \/>\n<meta property=\"og:url\" content=\"https:\/\/www.timevat.com\/en\/amazon-fulfillment-center\/\" \/>\n<meta property=\"og:site_name\" content=\"TIMEVAT\" \/>\n<meta property=\"article:modified_time\" content=\"2023-05-02T07:23:42+00:00\" \/>\n<meta property=\"og:image\" content=\"https:\/\/www.timevat.com\/wp-content\/uploads\/874.jpg\" \/>\n\t<meta property=\"og:image:width\" content=\"530\" \/>\n\t<meta property=\"og:image:height\" content=\"430\" \/>\n\t<meta property=\"og:image:type\" content=\"image\/jpeg\" \/>\n<meta name=\"twitter:card\" content=\"summary_large_image\" \/>\n<meta name=\"twitter:label1\" content=\"Estimated reading time\" \/>\n\t<meta name=\"twitter:data1\" content=\"2 minutes\" \/>\n<script type=\"application\/ld+json\" class=\"yoast-schema-graph\">{\"@context\":\"https:\/\/schema.org\",\"@graph\":[{\"@type\":\"WebPage\",\"@id\":\"https:\/\/www.timevat.com\/amazon-fulfillment-center\/\",\"url\":\"https:\/\/www.timevat.com\/amazon-fulfillment-center\/\",\"name\":\"Amazon\/OMP - TIMEVAT\",\"isPartOf\":{\"@id\":\"https:\/\/www.timevat.com\/#website\"},\"primaryImageOfPage\":{\"@id\":\"https:\/\/www.timevat.com\/amazon-fulfillment-center\/#primaryimage\"},\"image\":{\"@id\":\"https:\/\/www.timevat.com\/amazon-fulfillment-center\/#primaryimage\"},\"thumbnailUrl\":\"https:\/\/www.timevat.com\/wp-content\/uploads\/874.jpg\",\"datePublished\":\"2022-10-10T10:00:32+00:00\",\"dateModified\":\"2023-05-02T07:23:42+00:00\",\"description\":\"F\u00e5 digitale momsl\u00f8sninger med TIMEVAT, n\u00e5r I s\u00e6lger varer via Amazon FBA i eksempelvis Amazon DE, Amazon FR, Amazon PL eller lign.\",\"breadcrumb\":{\"@id\":\"https:\/\/www.timevat.com\/amazon-fulfillment-center\/#breadcrumb\"},\"inLanguage\":\"en-GB\",\"potentialAction\":[{\"@type\":\"ReadAction\",\"target\":[\"https:\/\/www.timevat.com\/amazon-fulfillment-center\/\"]}]},{\"@type\":\"ImageObject\",\"inLanguage\":\"en-GB\",\"@id\":\"https:\/\/www.timevat.com\/amazon-fulfillment-center\/#primaryimage\",\"url\":\"https:\/\/www.timevat.com\/wp-content\/uploads\/874.jpg\",\"contentUrl\":\"https:\/\/www.timevat.com\/wp-content\/uploads\/874.jpg\",\"width\":530,\"height\":430},{\"@type\":\"BreadcrumbList\",\"@id\":\"https:\/\/www.timevat.com\/amazon-fulfillment-center\/#breadcrumb\",\"itemListElement\":[{\"@type\":\"ListItem\",\"position\":1,\"name\":\"Hjem\",\"item\":\"https:\/\/www.timevat.com\/\"},{\"@type\":\"ListItem\",\"position\":2,\"name\":\"Amazon\/OMP\"}]},{\"@type\":\"WebSite\",\"@id\":\"https:\/\/www.timevat.com\/#website\",\"url\":\"https:\/\/www.timevat.com\/\",\"name\":\"TIMEVAT\",\"description\":\"\",\"publisher\":{\"@id\":\"https:\/\/www.timevat.com\/#organization\"},\"potentialAction\":[{\"@type\":\"SearchAction\",\"target\":{\"@type\":\"EntryPoint\",\"urlTemplate\":\"https:\/\/www.timevat.com\/?s={search_term_string}\"},\"query-input\":{\"@type\":\"PropertyValueSpecification\",\"valueRequired\":true,\"valueName\":\"search_term_string\"}}],\"inLanguage\":\"en-GB\"},{\"@type\":\"Organization\",\"@id\":\"https:\/\/www.timevat.com\/#organization\",\"name\":\"TIMEVAT A\/S\",\"url\":\"https:\/\/www.timevat.com\/\",\"logo\":{\"@type\":\"ImageObject\",\"inLanguage\":\"en-GB\",\"@id\":\"https:\/\/www.timevat.com\/#\/schema\/logo\/image\/\",\"url\":\"https:\/\/www.timevat.com\/wp-content\/uploads\/TimevatFINALfarveLILLE1.png\",\"contentUrl\":\"https:\/\/www.timevat.com\/wp-content\/uploads\/TimevatFINALfarveLILLE1.png\",\"width\":308,\"height\":60,\"caption\":\"TIMEVAT A\/S\"},\"image\":{\"@id\":\"https:\/\/www.timevat.com\/#\/schema\/logo\/image\/\"},\"sameAs\":[\"https:\/\/www.linkedin.com\/company\/timevat-a-s\/about\/\"]}]}<\/script>\n<!-- \/ Yoast SEO plugin. -->","yoast_head_json":{"title":"Amazon\/OMP - TIMEVAT","description":"F\u00e5 digitale momsl\u00f8sninger med TIMEVAT, n\u00e5r I s\u00e6lger varer via Amazon FBA i eksempelvis Amazon DE, Amazon FR, Amazon PL eller lign.","robots":{"index":"index","follow":"follow","max-snippet":"max-snippet:-1","max-image-preview":"max-image-preview:large","max-video-preview":"max-video-preview:-1"},"canonical":"https:\/\/www.timevat.com\/en\/amazon-fulfillment-center\/","og_locale":"en_GB","og_type":"article","og_title":"Amazon\/OMP - TIMEVAT","og_description":"F\u00e5 digitale momsl\u00f8sninger med TIMEVAT, n\u00e5r I s\u00e6lger varer via Amazon FBA i eksempelvis Amazon DE, Amazon FR, Amazon PL eller lign.","og_url":"https:\/\/www.timevat.com\/en\/amazon-fulfillment-center\/","og_site_name":"TIMEVAT","article_modified_time":"2023-05-02T07:23:42+00:00","og_image":[{"width":530,"height":430,"url":"https:\/\/www.timevat.com\/wp-content\/uploads\/874.jpg","type":"image\/jpeg"}],"twitter_card":"summary_large_image","twitter_misc":{"Estimated reading time":"2 minutes"},"schema":{"@context":"https:\/\/schema.org","@graph":[{"@type":"WebPage","@id":"https:\/\/www.timevat.com\/amazon-fulfillment-center\/","url":"https:\/\/www.timevat.com\/amazon-fulfillment-center\/","name":"Amazon\/OMP - TIMEVAT","isPartOf":{"@id":"https:\/\/www.timevat.com\/#website"},"primaryImageOfPage":{"@id":"https:\/\/www.timevat.com\/amazon-fulfillment-center\/#primaryimage"},"image":{"@id":"https:\/\/www.timevat.com\/amazon-fulfillment-center\/#primaryimage"},"thumbnailUrl":"https:\/\/www.timevat.com\/wp-content\/uploads\/874.jpg","datePublished":"2022-10-10T10:00:32+00:00","dateModified":"2023-05-02T07:23:42+00:00","description":"F\u00e5 digitale momsl\u00f8sninger med TIMEVAT, n\u00e5r I s\u00e6lger varer via Amazon FBA i eksempelvis Amazon DE, Amazon FR, Amazon PL eller lign.","breadcrumb":{"@id":"https:\/\/www.timevat.com\/amazon-fulfillment-center\/#breadcrumb"},"inLanguage":"en-GB","potentialAction":[{"@type":"ReadAction","target":["https:\/\/www.timevat.com\/amazon-fulfillment-center\/"]}]},{"@type":"ImageObject","inLanguage":"en-GB","@id":"https:\/\/www.timevat.com\/amazon-fulfillment-center\/#primaryimage","url":"https:\/\/www.timevat.com\/wp-content\/uploads\/874.jpg","contentUrl":"https:\/\/www.timevat.com\/wp-content\/uploads\/874.jpg","width":530,"height":430},{"@type":"BreadcrumbList","@id":"https:\/\/www.timevat.com\/amazon-fulfillment-center\/#breadcrumb","itemListElement":[{"@type":"ListItem","position":1,"name":"Hjem","item":"https:\/\/www.timevat.com\/"},{"@type":"ListItem","position":2,"name":"Amazon\/OMP"}]},{"@type":"WebSite","@id":"https:\/\/www.timevat.com\/#website","url":"https:\/\/www.timevat.com\/","name":"TIMEVAT","description":"","publisher":{"@id":"https:\/\/www.timevat.com\/#organization"},"potentialAction":[{"@type":"SearchAction","target":{"@type":"EntryPoint","urlTemplate":"https:\/\/www.timevat.com\/?s={search_term_string}"},"query-input":{"@type":"PropertyValueSpecification","valueRequired":true,"valueName":"search_term_string"}}],"inLanguage":"en-GB"},{"@type":"Organization","@id":"https:\/\/www.timevat.com\/#organization","name":"TIMEVAT A\/S","url":"https:\/\/www.timevat.com\/","logo":{"@type":"ImageObject","inLanguage":"en-GB","@id":"https:\/\/www.timevat.com\/#\/schema\/logo\/image\/","url":"https:\/\/www.timevat.com\/wp-content\/uploads\/TimevatFINALfarveLILLE1.png","contentUrl":"https:\/\/www.timevat.com\/wp-content\/uploads\/TimevatFINALfarveLILLE1.png","width":308,"height":60,"caption":"TIMEVAT A\/S"},"image":{"@id":"https:\/\/www.timevat.com\/#\/schema\/logo\/image\/"},"sameAs":["https:\/\/www.linkedin.com\/company\/timevat-a-s\/about\/"]}]}},"taxonomy_info":[],"featured_image_src_large":["https:\/\/www.timevat.com\/wp-content\/uploads\/874.jpg",530,430,false],"author_info":{"display_name":"admin","author_link":"https:\/\/www.timevat.com\/en\/author\/admin\/"},"comment_info":0,"_links":{"self":[{"href":"https:\/\/www.timevat.com\/en\/wp-json\/wp\/v2\/pages\/3354","targetHints":{"allow":["GET"]}}],"collection":[{"href":"https:\/\/www.timevat.com\/en\/wp-json\/wp\/v2\/pages"}],"about":[{"href":"https:\/\/www.timevat.com\/en\/wp-json\/wp\/v2\/types\/page"}],"author":[{"embeddable":true,"href":"https:\/\/www.timevat.com\/en\/wp-json\/wp\/v2\/users\/1"}],"replies":[{"embeddable":true,"href":"https:\/\/www.timevat.com\/en\/wp-json\/wp\/v2\/comments?post=3354"}],"version-history":[{"count":12,"href":"https:\/\/www.timevat.com\/en\/wp-json\/wp\/v2\/pages\/3354\/revisions"}],"predecessor-version":[{"id":4698,"href":"https:\/\/www.timevat.com\/en\/wp-json\/wp\/v2\/pages\/3354\/revisions\/4698"}],"wp:featuredmedia":[{"embeddable":true,"href":"https:\/\/www.timevat.com\/en\/wp-json\/wp\/v2\/media\/3358"}],"wp:attachment":[{"href":"https:\/\/www.timevat.com\/en\/wp-json\/wp\/v2\/media?parent=3354"}],"curies":[{"name":"wp","href":"https:\/\/api.w.org\/{rel}","templated":true}]}}