{"id":4684,"date":"2023-05-01T11:46:16","date_gmt":"2023-05-01T09:46:16","guid":{"rendered":"https:\/\/www.timevat.com\/?page_id=4684"},"modified":"2026-01-05T11:09:50","modified_gmt":"2026-01-05T10:09:50","slug":"luxembourg-export-vat","status":"publish","type":"page","link":"https:\/\/www.timevat.com\/en\/lande\/moms-i-luxemborg\/","title":{"rendered":"Luxembourg"},"content":{"rendered":"<style>.wp-block-kadence-advancedheading.kt-adv-heading4684_e3ea6b-69, .wp-block-kadence-advancedheading.kt-adv-heading4684_e3ea6b-69[data-kb-block=\"kb-adv-heading4684_e3ea6b-69\"]{font-style:normal;}.wp-block-kadence-advancedheading.kt-adv-heading4684_e3ea6b-69 mark.kt-highlight, .wp-block-kadence-advancedheading.kt-adv-heading4684_e3ea6b-69[data-kb-block=\"kb-adv-heading4684_e3ea6b-69\"] mark.kt-highlight{font-style:normal;color:#f76a0c;-webkit-box-decoration-break:clone;box-decoration-break:clone;padding-top:0px;padding-right:0px;padding-bottom:0px;padding-left:0px;}.wp-block-kadence-advancedheading.kt-adv-heading4684_e3ea6b-69 img.kb-inline-image, .wp-block-kadence-advancedheading.kt-adv-heading4684_e3ea6b-69[data-kb-block=\"kb-adv-heading4684_e3ea6b-69\"] img.kb-inline-image{width:150px;vertical-align:baseline;}<\/style>\n<h2 class=\"kt-adv-heading4684_e3ea6b-69 wp-block-kadence-advancedheading\" data-kb-block=\"kb-adv-heading4684_e3ea6b-69\">Din professionelle partner i Luxembourg<\/h2>\n\n\n<style>.wp-block-kadence-advancedheading.kt-adv-heading4684_a8b566-94, .wp-block-kadence-advancedheading.kt-adv-heading4684_a8b566-94[data-kb-block=\"kb-adv-heading4684_a8b566-94\"]{font-style:normal;}.wp-block-kadence-advancedheading.kt-adv-heading4684_a8b566-94 mark.kt-highlight, .wp-block-kadence-advancedheading.kt-adv-heading4684_a8b566-94[data-kb-block=\"kb-adv-heading4684_a8b566-94\"] mark.kt-highlight{font-style:normal;color:#f76a0c;-webkit-box-decoration-break:clone;box-decoration-break:clone;padding-top:0px;padding-right:0px;padding-bottom:0px;padding-left:0px;}.wp-block-kadence-advancedheading.kt-adv-heading4684_a8b566-94 img.kb-inline-image, .wp-block-kadence-advancedheading.kt-adv-heading4684_a8b566-94[data-kb-block=\"kb-adv-heading4684_a8b566-94\"] img.kb-inline-image{width:150px;vertical-align:baseline;}<\/style>\n<h5 class=\"kt-adv-heading4684_a8b566-94 toptext wp-block-kadence-advancedheading\" data-kb-block=\"kb-adv-heading4684_a8b566-94\">Uanset hvad \u00e5rsagen er, s\u00e5 kan TIMEVAT hj\u00e6lpe dig i Luxembourg. Vi kender til registreringsforhold, indberetning af moms og intrastat. Kontakt os gerne, hvis du har sp\u00f8rgsm\u00e5l.<\/h5>\n\n\n\n<div class=\"wp-block-columns is-layout-flex wp-container-core-columns-is-layout-9d6595d7 wp-block-columns-is-layout-flex\">\n<div class=\"wp-block-column is-layout-flow wp-block-column-is-layout-flow\">\n<p>Hvis en virksomhed, som ikke er etableret i Luxembourg, s\u00e6lger momspligtige produkter eller ydelser i Luxembourg, kan den opn\u00e5 en ikke-hjemmeh\u00f8rende registrering for eksport moms Luxembourg. If\u00f8lge EU\u2019s moms direktiv, er udenlandske selskaber forpligtet til at lade sig moms registrere i bestemte tilf\u00e6lde. Dette for at kunne rapportere og indberette skatte- og moms pligtige transaktioner, som er p\u00e5lagt disse produkter eller ydelser. <\/p>\n<\/div>\n\n\n\n<div class=\"wp-block-column is-layout-flow wp-block-column-is-layout-flow\">\n<p>Det er vigtigt at alle virksomheder med forretningsm\u00e6ssig aktivitet i Luxembourg vurderer deres juridiske forpligtelser og lader sig registrere for eksport moms Luxembourg f\u00f8r de p\u00e5begynder skatte- og moms pligtige transaktioner.<\/p>\n<\/div>\n<\/div>\n\n\n\n<div class=\"wp-block-columns is-layout-flex wp-container-core-columns-is-layout-9d6595d7 wp-block-columns-is-layout-flex\">\n<div class=\"wp-block-column is-layout-flow wp-block-column-is-layout-flow\"><style>.wp-block-kadence-advancedheading.kt-adv-heading4684_7e79d5-eb, .wp-block-kadence-advancedheading.kt-adv-heading4684_7e79d5-eb[data-kb-block=\"kb-adv-heading4684_7e79d5-eb\"]{font-style:normal;}.wp-block-kadence-advancedheading.kt-adv-heading4684_7e79d5-eb mark.kt-highlight, .wp-block-kadence-advancedheading.kt-adv-heading4684_7e79d5-eb[data-kb-block=\"kb-adv-heading4684_7e79d5-eb\"] mark.kt-highlight{font-style:normal;color:#f76a0c;-webkit-box-decoration-break:clone;box-decoration-break:clone;padding-top:0px;padding-right:0px;padding-bottom:0px;padding-left:0px;}.wp-block-kadence-advancedheading.kt-adv-heading4684_7e79d5-eb img.kb-inline-image, .wp-block-kadence-advancedheading.kt-adv-heading4684_7e79d5-eb[data-kb-block=\"kb-adv-heading4684_7e79d5-eb\"] img.kb-inline-image{width:150px;vertical-align:baseline;}<\/style>\n<h4 class=\"kt-adv-heading4684_7e79d5-eb wp-block-kadence-advancedheading\" data-kb-block=\"kb-adv-heading4684_7e79d5-eb\">Hvorn\u00e5r er en virksomhed moms pligtig<\/h4>\n\n\n\n<p>Der er forskellige scenarier som vil forpligte en virksomhed til at lade sig moms registrere i Luxembourg. Nogle af de mest almindelige tilf\u00e6lde er:<\/p>\n\n\n\n<ul class=\"wp-block-list\">\n<li>Import af varer til Luxembourg fra lande udenfor EU.<\/li>\n\n\n\n<li>K\u00f8b og salg af varer i Luxembourg (ekskl. Domestic Reverse Charge).<\/li>\n\n\n\n<li>Salg af varer fra Luxembourg, som er leveret til kunder udenfor Luxemborg (b\u00e5de B2B og B2C).<\/li>\n\n\n\n<li>Erhvervelse af varer i Luxembourg fra andre EU-lande (Intra-community erhvervelser).<\/li>\n\n\n\n<li>Lager i Luxembourg til salg, distribution eller konsignation.<\/li>\n\n\n\n<li>Organisering af arrangementer og begivenheder i Luxembourg, hvor deltagerne betaler entr\u00e9.<\/li>\n\n\n<\/ul>\n\n\n\n<p>Hvis din virksomhed allerede har forretning eller p\u00e5t\u00e6nker at g\u00f8re forretning i Luxembourg, s\u00e5 b\u00f8r du kontakte TIMEVAT straks. Vi taler sproget og har nem adgang til de lokale myndigheder og kender til de lokale procedurer. Du er meget velkommen til at kontakte os for r\u00e5dgivning og assistance.<\/p>\n<\/div>\n<\/div>\n\n\n\n<div class=\"wp-block-columns is-layout-flex wp-container-core-columns-is-layout-9d6595d7 wp-block-columns-is-layout-flex\">\n<div class=\"wp-block-column is-layout-flow wp-block-column-is-layout-flow\">\n<\/div>\n<\/div>\n\n\n\n<div class=\"wp-block-columns is-layout-flex wp-container-core-columns-is-layout-9d6595d7 wp-block-columns-is-layout-flex\">\n<div class=\"wp-block-column is-layout-flow wp-block-column-is-layout-flow\"><style>.wp-block-kadence-advancedheading.kt-adv-heading4684_bb6117-58, .wp-block-kadence-advancedheading.kt-adv-heading4684_bb6117-58[data-kb-block=\"kb-adv-heading4684_bb6117-58\"]{font-style:normal;}.wp-block-kadence-advancedheading.kt-adv-heading4684_bb6117-58 mark.kt-highlight, .wp-block-kadence-advancedheading.kt-adv-heading4684_bb6117-58[data-kb-block=\"kb-adv-heading4684_bb6117-58\"] mark.kt-highlight{font-style:normal;color:#f76a0c;-webkit-box-decoration-break:clone;box-decoration-break:clone;padding-top:0px;padding-right:0px;padding-bottom:0px;padding-left:0px;}.wp-block-kadence-advancedheading.kt-adv-heading4684_bb6117-58 img.kb-inline-image, .wp-block-kadence-advancedheading.kt-adv-heading4684_bb6117-58[data-kb-block=\"kb-adv-heading4684_bb6117-58\"] img.kb-inline-image{width:150px;vertical-align:baseline;}<\/style>\n<h4 class=\"kt-adv-heading4684_bb6117-58 wp-block-kadence-advancedheading\" data-kb-block=\"kb-adv-heading4684_bb6117-58\">Moms satser, formater, bel\u00f8bsgr\u00e6nser<\/h4>\n\n\n\n<figure class=\"wp-block-table is-style-stripes\"><table><tbody><tr><td>Momssats<\/td><td><\/td><td>Betegnelse<\/td><td>Momsnr. format<\/td><td>Fjernsalgsgr\u00e6nse<\/td><td>Intrastat gr\u00e6nse<\/td><td><\/td><\/tr><tr><td>17%<\/td><td>(Standard)<\/td><td>TVA<\/td><td>LU12345678<\/td><td>EUR 10,000 *)<\/td><td>\u20ac 250,000<\/td><td>(Import)<\/td><\/tr><tr><td>3\/8\/14%<\/td><td>(Reduceret)<\/td><td><\/td><td><\/td><td><\/td><td>\u20ac 200,000<\/td><td>(Eksport)<\/td><\/tr><\/tbody><\/table><\/figure>\n<\/div>\n<\/div>\n\n\n\n<div class=\"wp-block-columns is-layout-flex wp-container-core-columns-is-layout-9d6595d7 wp-block-columns-is-layout-flex\">\n<div class=\"wp-block-column is-layout-flow wp-block-column-is-layout-flow\">\n<p>*) G\u00e6ldende fra 01.07.2021 har virksomheder mulighed for at tilmelde sig (One-stop-shop) OSS ordningen hos SKAT n\u00e5r fjernsalg i EU samlet overstiger gr\u00e6nsen p\u00e5 \u20ac 10.000.<\/p>\n\n\n\n<p><strong>Moms rapportering termin<\/strong><br>M\u00e5nedlig <br>Kvartalsvis<\/p>\n\n\n\n<p><strong>\u00c5rsindberetning<\/strong><br>Nej<\/p>\n\n\n\n<p><strong>EU Salgsliste termin<\/strong><br>M\u00e5nedlig eller kvartalsvis <\/p>\n\n\n\n<p><strong>EU K\u00f8bslister<\/strong><br>Nej<\/p>\n\n\n\n<p><strong>Andre rapporteringskrav<\/strong><br>Nej<\/p>\n\n\n\n<p><strong>Udvidet Reverse Charge<\/strong><br>Udvidet reverse charge g\u00e6lder for en r\u00e6kke ydelser i Luxembourg. Venligst kontakt os for yderligere information om reglerne for udvidet reverse charge i Luxembourg.<\/p>\n\n\n\n<p><strong>Fiscal repr\u00e6sentation<\/strong><br>Fiscal repr\u00e6sentation eksisterer ikke i Luxembourg.<\/p>\n\n\n\n<\/div>\n<\/div>\n","protected":false},"excerpt":{"rendered":"<p>Din professionelle partner i Luxembourg Uanset hvad \u00e5rsagen er, s\u00e5 kan TIMEVAT hj\u00e6lpe dig i Luxembourg. Vi kender til registreringsforhold, indberetning af moms og intrastat. Kontakt os gerne, hvis du har sp\u00f8rgsm\u00e5l. Hvis en virksomhed, som ikke er etableret i Luxembourg, s\u00e6lger momspligtige produkter eller ydelser i Luxembourg, kan den opn\u00e5 en ikke-hjemmeh\u00f8rende registrering for&#8230;<\/p>","protected":false},"author":1,"featured_media":4621,"parent":482,"menu_order":0,"comment_status":"closed","ping_status":"closed","template":"","meta":{"inline_featured_image":false,"_kad_blocks_custom_css":"","_kad_blocks_head_custom_js":"","_kad_blocks_body_custom_js":"","_kad_blocks_footer_custom_js":"","_kad_post_transparent":"","_kad_post_title":"","_kad_post_layout":"","_kad_post_sidebar_id":"","_kad_post_content_style":"","_kad_post_vertical_padding":"","_kad_post_feature":"","_kad_post_feature_position":"","_kad_post_header":false,"_kad_post_footer":false,"_kad_post_classname":"","footnotes":""},"class_list":["post-4684","page","type-page","status-publish","has-post-thumbnail","hentry"],"yoast_head":"<!-- This site is optimized with the Yoast SEO plugin v27.1.1 - https:\/\/yoast.com\/product\/yoast-seo-wordpress\/ -->\n<title>Moms i Luxembourg - TIMEVAT<\/title>\n<meta name=\"description\" content=\"TIMEVAT er din professionelle partner i udlandet. Vi l\u00f8ser dine udfordringer i EU, n\u00e5r det g\u00e6lder told, moms, skat og afgifter.\" \/>\n<meta name=\"robots\" content=\"index, follow, max-snippet:-1, max-image-preview:large, max-video-preview:-1\" \/>\n<link rel=\"canonical\" href=\"https:\/\/www.timevat.com\/en\/countries\/luxembourg-export-vat\/\" \/>\n<meta property=\"og:locale\" content=\"en_GB\" \/>\n<meta property=\"og:type\" content=\"article\" \/>\n<meta property=\"og:title\" content=\"Moms i Luxembourg - TIMEVAT\" \/>\n<meta property=\"og:description\" content=\"TIMEVAT er din professionelle partner i udlandet. Vi l\u00f8ser dine udfordringer i EU, n\u00e5r det g\u00e6lder told, moms, skat og afgifter.\" \/>\n<meta property=\"og:url\" content=\"https:\/\/www.timevat.com\/en\/countries\/luxembourg-export-vat\/\" \/>\n<meta property=\"og:site_name\" content=\"TIMEVAT\" \/>\n<meta property=\"article:modified_time\" content=\"2026-01-05T10:09:50+00:00\" \/>\n<meta property=\"og:image\" content=\"https:\/\/www.timevat.com\/wp-content\/uploads\/Luxembourg.jpg\" \/>\n\t<meta property=\"og:image:width\" content=\"870\" \/>\n\t<meta property=\"og:image:height\" content=\"570\" \/>\n\t<meta property=\"og:image:type\" content=\"image\/jpeg\" \/>\n<meta name=\"twitter:card\" content=\"summary_large_image\" \/>\n<meta name=\"twitter:label1\" content=\"Estimated reading time\" \/>\n\t<meta name=\"twitter:data1\" content=\"3 minutes\" \/>\n<script type=\"application\/ld+json\" class=\"yoast-schema-graph\">{\"@context\":\"https:\/\/schema.org\",\"@graph\":[{\"@type\":\"WebPage\",\"@id\":\"https:\/\/www.timevat.com\/lande\/moms-i-luxemborg\/\",\"url\":\"https:\/\/www.timevat.com\/lande\/moms-i-luxemborg\/\",\"name\":\"Moms i Luxembourg - TIMEVAT\",\"isPartOf\":{\"@id\":\"https:\/\/www.timevat.com\/#website\"},\"primaryImageOfPage\":{\"@id\":\"https:\/\/www.timevat.com\/lande\/moms-i-luxemborg\/#primaryimage\"},\"image\":{\"@id\":\"https:\/\/www.timevat.com\/lande\/moms-i-luxemborg\/#primaryimage\"},\"thumbnailUrl\":\"https:\/\/www.timevat.com\/wp-content\/uploads\/Luxembourg.jpg\",\"datePublished\":\"2023-05-01T09:46:16+00:00\",\"dateModified\":\"2026-01-05T10:09:50+00:00\",\"description\":\"TIMEVAT er din professionelle partner i udlandet. Vi l\u00f8ser dine udfordringer i EU, n\u00e5r det g\u00e6lder told, moms, skat og afgifter.\",\"breadcrumb\":{\"@id\":\"https:\/\/www.timevat.com\/lande\/moms-i-luxemborg\/#breadcrumb\"},\"inLanguage\":\"en-GB\",\"potentialAction\":[{\"@type\":\"ReadAction\",\"target\":[\"https:\/\/www.timevat.com\/lande\/moms-i-luxemborg\/\"]}]},{\"@type\":\"ImageObject\",\"inLanguage\":\"en-GB\",\"@id\":\"https:\/\/www.timevat.com\/lande\/moms-i-luxemborg\/#primaryimage\",\"url\":\"https:\/\/www.timevat.com\/wp-content\/uploads\/Luxembourg.jpg\",\"contentUrl\":\"https:\/\/www.timevat.com\/wp-content\/uploads\/Luxembourg.jpg\",\"width\":870,\"height\":570},{\"@type\":\"BreadcrumbList\",\"@id\":\"https:\/\/www.timevat.com\/lande\/moms-i-luxemborg\/#breadcrumb\",\"itemListElement\":[{\"@type\":\"ListItem\",\"position\":1,\"name\":\"Hjem\",\"item\":\"https:\/\/www.timevat.com\/\"},{\"@type\":\"ListItem\",\"position\":2,\"name\":\"Lande\",\"item\":\"https:\/\/www.timevat.com\/lande\/\"},{\"@type\":\"ListItem\",\"position\":3,\"name\":\"Moms i Luxembourg\"}]},{\"@type\":\"WebSite\",\"@id\":\"https:\/\/www.timevat.com\/#website\",\"url\":\"https:\/\/www.timevat.com\/\",\"name\":\"TIMEVAT\",\"description\":\"\",\"publisher\":{\"@id\":\"https:\/\/www.timevat.com\/#organization\"},\"potentialAction\":[{\"@type\":\"SearchAction\",\"target\":{\"@type\":\"EntryPoint\",\"urlTemplate\":\"https:\/\/www.timevat.com\/?s={search_term_string}\"},\"query-input\":{\"@type\":\"PropertyValueSpecification\",\"valueRequired\":true,\"valueName\":\"search_term_string\"}}],\"inLanguage\":\"en-GB\"},{\"@type\":\"Organization\",\"@id\":\"https:\/\/www.timevat.com\/#organization\",\"name\":\"TIMEVAT A\/S\",\"url\":\"https:\/\/www.timevat.com\/\",\"logo\":{\"@type\":\"ImageObject\",\"inLanguage\":\"en-GB\",\"@id\":\"https:\/\/www.timevat.com\/#\/schema\/logo\/image\/\",\"url\":\"https:\/\/www.timevat.com\/wp-content\/uploads\/TimevatFINALfarveLILLE1.png\",\"contentUrl\":\"https:\/\/www.timevat.com\/wp-content\/uploads\/TimevatFINALfarveLILLE1.png\",\"width\":308,\"height\":60,\"caption\":\"TIMEVAT A\/S\"},\"image\":{\"@id\":\"https:\/\/www.timevat.com\/#\/schema\/logo\/image\/\"},\"sameAs\":[\"https:\/\/www.linkedin.com\/company\/timevat-a-s\/about\/\"]}]}<\/script>\n<!-- \/ Yoast SEO plugin. -->","yoast_head_json":{"title":"Luxembourg - TIMEVAT","description":"TIMEVAT is your professional partner abroad. We maximise your customer satisfaction and ensure compliance when you expand your business.","robots":{"index":"index","follow":"follow","max-snippet":"max-snippet:-1","max-image-preview":"max-image-preview:large","max-video-preview":"max-video-preview:-1"},"canonical":"https:\/\/www.timevat.com\/en\/countries\/luxembourg-export-vat\/","og_locale":"en_GB","og_type":"article","og_title":"Moms i Luxembourg - TIMEVAT","og_description":"TIMEVAT er din professionelle partner i udlandet. Vi l\u00f8ser dine udfordringer i EU, n\u00e5r det g\u00e6lder told, moms, skat og afgifter.","og_url":"https:\/\/www.timevat.com\/en\/countries\/luxembourg-export-vat\/","og_site_name":"TIMEVAT","article_modified_time":"2026-01-05T10:09:50+00:00","og_image":[{"width":870,"height":570,"url":"https:\/\/www.timevat.com\/wp-content\/uploads\/Luxembourg.jpg","type":"image\/jpeg"}],"twitter_card":"summary_large_image","twitter_misc":{"Estimated reading time":"3 minutes"},"schema":{"@context":"https:\/\/schema.org","@graph":[{"@type":"WebPage","@id":"https:\/\/www.timevat.com\/lande\/moms-i-luxemborg\/","url":"https:\/\/www.timevat.com\/lande\/moms-i-luxemborg\/","name":"Luxembourg - TIMEVAT","isPartOf":{"@id":"https:\/\/www.timevat.com\/#website"},"primaryImageOfPage":{"@id":"https:\/\/www.timevat.com\/lande\/moms-i-luxemborg\/#primaryimage"},"image":{"@id":"https:\/\/www.timevat.com\/lande\/moms-i-luxemborg\/#primaryimage"},"thumbnailUrl":"https:\/\/www.timevat.com\/wp-content\/uploads\/Luxembourg.jpg","datePublished":"2023-05-01T09:46:16+00:00","dateModified":"2026-01-05T10:09:50+00:00","description":"TIMEVAT is your professional partner abroad. We maximise your customer satisfaction and ensure compliance when you expand your business.","breadcrumb":{"@id":"https:\/\/www.timevat.com\/lande\/moms-i-luxemborg\/#breadcrumb"},"inLanguage":"en-GB","potentialAction":[{"@type":"ReadAction","target":["https:\/\/www.timevat.com\/lande\/moms-i-luxemborg\/"]}]},{"@type":"ImageObject","inLanguage":"en-GB","@id":"https:\/\/www.timevat.com\/lande\/moms-i-luxemborg\/#primaryimage","url":"https:\/\/www.timevat.com\/wp-content\/uploads\/Luxembourg.jpg","contentUrl":"https:\/\/www.timevat.com\/wp-content\/uploads\/Luxembourg.jpg","width":870,"height":570},{"@type":"BreadcrumbList","@id":"https:\/\/www.timevat.com\/lande\/moms-i-luxemborg\/#breadcrumb","itemListElement":[{"@type":"ListItem","position":1,"name":"Hjem","item":"https:\/\/www.timevat.com\/"},{"@type":"ListItem","position":2,"name":"Lande","item":"https:\/\/www.timevat.com\/lande\/"},{"@type":"ListItem","position":3,"name":"Moms i Luxembourg"}]},{"@type":"WebSite","@id":"https:\/\/www.timevat.com\/#website","url":"https:\/\/www.timevat.com\/","name":"TIMEVAT","description":"","publisher":{"@id":"https:\/\/www.timevat.com\/#organization"},"potentialAction":[{"@type":"SearchAction","target":{"@type":"EntryPoint","urlTemplate":"https:\/\/www.timevat.com\/?s={search_term_string}"},"query-input":{"@type":"PropertyValueSpecification","valueRequired":true,"valueName":"search_term_string"}}],"inLanguage":"en-GB"},{"@type":"Organization","@id":"https:\/\/www.timevat.com\/#organization","name":"TIMEVAT A\/S","url":"https:\/\/www.timevat.com\/","logo":{"@type":"ImageObject","inLanguage":"en-GB","@id":"https:\/\/www.timevat.com\/#\/schema\/logo\/image\/","url":"https:\/\/www.timevat.com\/wp-content\/uploads\/TimevatFINALfarveLILLE1.png","contentUrl":"https:\/\/www.timevat.com\/wp-content\/uploads\/TimevatFINALfarveLILLE1.png","width":308,"height":60,"caption":"TIMEVAT A\/S"},"image":{"@id":"https:\/\/www.timevat.com\/#\/schema\/logo\/image\/"},"sameAs":["https:\/\/www.linkedin.com\/company\/timevat-a-s\/about\/"]}]}},"taxonomy_info":[],"featured_image_src_large":["https:\/\/www.timevat.com\/wp-content\/uploads\/Luxembourg.jpg",870,570,false],"author_info":{"display_name":"admin","author_link":"https:\/\/www.timevat.com\/en\/author\/admin\/"},"comment_info":0,"_links":{"self":[{"href":"https:\/\/www.timevat.com\/en\/wp-json\/wp\/v2\/pages\/4684","targetHints":{"allow":["GET"]}}],"collection":[{"href":"https:\/\/www.timevat.com\/en\/wp-json\/wp\/v2\/pages"}],"about":[{"href":"https:\/\/www.timevat.com\/en\/wp-json\/wp\/v2\/types\/page"}],"author":[{"embeddable":true,"href":"https:\/\/www.timevat.com\/en\/wp-json\/wp\/v2\/users\/1"}],"replies":[{"embeddable":true,"href":"https:\/\/www.timevat.com\/en\/wp-json\/wp\/v2\/comments?post=4684"}],"version-history":[{"count":5,"href":"https:\/\/www.timevat.com\/en\/wp-json\/wp\/v2\/pages\/4684\/revisions"}],"predecessor-version":[{"id":5014,"href":"https:\/\/www.timevat.com\/en\/wp-json\/wp\/v2\/pages\/4684\/revisions\/5014"}],"up":[{"embeddable":true,"href":"https:\/\/www.timevat.com\/en\/wp-json\/wp\/v2\/pages\/482"}],"wp:featuredmedia":[{"embeddable":true,"href":"https:\/\/www.timevat.com\/en\/wp-json\/wp\/v2\/media\/4621"}],"wp:attachment":[{"href":"https:\/\/www.timevat.com\/en\/wp-json\/wp\/v2\/media?parent=4684"}],"curies":[{"name":"wp","href":"https:\/\/api.w.org\/{rel}","templated":true}]}}