{"id":607,"date":"2019-07-10T12:18:27","date_gmt":"2019-07-10T10:18:27","guid":{"rendered":"https:\/\/www.timevat.com\/?page_id=607"},"modified":"2026-02-04T13:47:32","modified_gmt":"2026-02-04T12:47:32","slug":"germany-export-vat","status":"publish","type":"page","link":"https:\/\/www.timevat.com\/en\/lande\/tyskland-eksport-moms\/","title":{"rendered":"Germany"},"content":{"rendered":"<style>.wp-block-kadence-advancedheading.kt-adv-heading607_543a4e-d9, .wp-block-kadence-advancedheading.kt-adv-heading607_543a4e-d9[data-kb-block=\"kb-adv-heading607_543a4e-d9\"]{font-style:normal;}.wp-block-kadence-advancedheading.kt-adv-heading607_543a4e-d9 mark.kt-highlight, .wp-block-kadence-advancedheading.kt-adv-heading607_543a4e-d9[data-kb-block=\"kb-adv-heading607_543a4e-d9\"] mark.kt-highlight{font-style:normal;color:#f76a0c;-webkit-box-decoration-break:clone;box-decoration-break:clone;padding-top:0px;padding-right:0px;padding-bottom:0px;padding-left:0px;}.wp-block-kadence-advancedheading.kt-adv-heading607_543a4e-d9 img.kb-inline-image, .wp-block-kadence-advancedheading.kt-adv-heading607_543a4e-d9[data-kb-block=\"kb-adv-heading607_543a4e-d9\"] img.kb-inline-image{width:150px;vertical-align:baseline;}<\/style>\n<h2 class=\"kt-adv-heading607_543a4e-d9 wp-block-kadence-advancedheading\" data-kb-block=\"kb-adv-heading607_543a4e-d9\">Din professionelle partner i Tyskland<\/h2>\n\n\n<style>.wp-block-kadence-advancedheading.kt-adv-heading607_54297e-6f, .wp-block-kadence-advancedheading.kt-adv-heading607_54297e-6f[data-kb-block=\"kb-adv-heading607_54297e-6f\"]{font-style:normal;}.wp-block-kadence-advancedheading.kt-adv-heading607_54297e-6f mark.kt-highlight, .wp-block-kadence-advancedheading.kt-adv-heading607_54297e-6f[data-kb-block=\"kb-adv-heading607_54297e-6f\"] mark.kt-highlight{font-style:normal;color:#f76a0c;-webkit-box-decoration-break:clone;box-decoration-break:clone;padding-top:0px;padding-right:0px;padding-bottom:0px;padding-left:0px;}.wp-block-kadence-advancedheading.kt-adv-heading607_54297e-6f img.kb-inline-image, .wp-block-kadence-advancedheading.kt-adv-heading607_54297e-6f[data-kb-block=\"kb-adv-heading607_54297e-6f\"] img.kb-inline-image{width:150px;vertical-align:baseline;}<\/style>\n<h5 class=\"kt-adv-heading607_54297e-6f toptext wp-block-kadence-advancedheading\" data-kb-block=\"kb-adv-heading607_54297e-6f\">TIMEVAT kender de tyske deadlines og laver gerne dine moms indberetninger og tyske intrastat. Kontakt os gerne for en uforpligtende snak.<\/h5>\n\n\n\n<div class=\"wp-block-columns is-layout-flex wp-container-core-columns-is-layout-9d6595d7 wp-block-columns-is-layout-flex\">\n<div class=\"wp-block-column is-layout-flow wp-block-column-is-layout-flow\">\n<p>Hvis en virksomhed, der ikke er etableret i Tyskland, s\u00e6lger momspligtige produkter eller ydelser i Tyskland, skal virksomheden registreres for eksport moms Tyskland. If\u00f8lge EU\u2019s moms direktiv, er udenlandske selskaber forpligtet til at lade sig moms registrere i bestemte tilf\u00e6lde for at kunne rapportere og indberette skatte- og moms pligtige transaktioner, der skal p\u00e5l\u00e6gges produkter og ydelser. <\/p>\n<\/div>\n\n\n\n<div class=\"wp-block-column is-layout-flow wp-block-column-is-layout-flow\">\n<p>Det er vigtigt, at alle virksomheder med forretningsm\u00e6ssig aktivitet i Tyskland vurderer deres juridiske forpligtelser og lader sig registrere for eksport moms Tyskland f\u00f8r de p\u00e5begynder skatte- og moms pligtige transaktioner.<\/p>\n<\/div>\n<\/div>\n\n\n\n<div class=\"wp-block-columns is-layout-flex wp-container-core-columns-is-layout-9d6595d7 wp-block-columns-is-layout-flex\">\n<div class=\"wp-block-column is-layout-flow wp-block-column-is-layout-flow\"><style>.wp-block-kadence-advancedheading.kt-adv-heading607_c814c6-4b, .wp-block-kadence-advancedheading.kt-adv-heading607_c814c6-4b[data-kb-block=\"kb-adv-heading607_c814c6-4b\"]{font-style:normal;}.wp-block-kadence-advancedheading.kt-adv-heading607_c814c6-4b mark.kt-highlight, .wp-block-kadence-advancedheading.kt-adv-heading607_c814c6-4b[data-kb-block=\"kb-adv-heading607_c814c6-4b\"] mark.kt-highlight{font-style:normal;color:#f76a0c;-webkit-box-decoration-break:clone;box-decoration-break:clone;padding-top:0px;padding-right:0px;padding-bottom:0px;padding-left:0px;}.wp-block-kadence-advancedheading.kt-adv-heading607_c814c6-4b img.kb-inline-image, .wp-block-kadence-advancedheading.kt-adv-heading607_c814c6-4b[data-kb-block=\"kb-adv-heading607_c814c6-4b\"] img.kb-inline-image{width:150px;vertical-align:baseline;}<\/style>\n<h4 class=\"kt-adv-heading607_c814c6-4b wp-block-kadence-advancedheading\" data-kb-block=\"kb-adv-heading607_c814c6-4b\">Hvorn\u00e5r er en virksomhed moms pligtig<\/h4>\n\n\n\n<p>Der er forskellige scenarier som vil forpligte en virksomhed til at lade sig moms registrere i Tyskland. Nogle af de mest almindelige tilf\u00e6lde er:<\/p>\n\n\n\n<ul class=\"wp-block-list\">\n<li>Import af varer til Tyskland fra lande udenfor EU.<\/li>\n\n\n\n<li>K\u00f8b og salg af varer i Tyskland (ekskl. National Reverse Charge).<\/li>\n\n\n\n<li>Salg af varer fra Tyskland, som er leveret til kunder udenfor Tyskland (b\u00e5de B2B og B2C).<\/li>\n\n\n\n<li>Erhvervelse af varer i Tyskland fra andre EU-lande (EU-erhvervelse).<\/li>\n\n\n\n<li>Lager i Tyskland eks. hos Amazon eller lign. til salg, distribution eller konsignation.<\/li>\n\n\n\n<li>Ved E-handel med varer til forbrugere, har virksomheder nu mulighed for at tilmelde sig (One-stop-shop) OSS ordning hos SKAT n\u00e5r fjernsalg i EU samlet overstiger gr\u00e6nsen p\u00e5 \u20ac 10.000.<\/li>\n<\/ul>\n\n\n\n<p>Hvis din virksomhed allerede har forretning eller p\u00e5t\u00e6nker at g\u00f8re forretning i Tyskland, s\u00e5 b\u00f8r du kontakte TIMEVAT straks. Vi taler sproget og har nem adgang til de lokale myndigheder og kender til de lokale procedurer. Du er meget velkommen til at kontakte os for r\u00e5dgivning og assistance.<\/p>\n<\/div>\n<\/div>\n\n\n\n<div class=\"wp-block-columns is-layout-flex wp-container-core-columns-is-layout-9d6595d7 wp-block-columns-is-layout-flex\">\n<div class=\"wp-block-column is-layout-flow wp-block-column-is-layout-flow\">\n<\/div>\n<\/div>\n\n\n\n<div class=\"wp-block-columns is-layout-flex wp-container-core-columns-is-layout-9d6595d7 wp-block-columns-is-layout-flex\">\n<div class=\"wp-block-column is-layout-flow wp-block-column-is-layout-flow\"><style>.wp-block-kadence-advancedheading.kt-adv-heading607_6e213c-68, .wp-block-kadence-advancedheading.kt-adv-heading607_6e213c-68[data-kb-block=\"kb-adv-heading607_6e213c-68\"]{font-style:normal;}.wp-block-kadence-advancedheading.kt-adv-heading607_6e213c-68 mark.kt-highlight, .wp-block-kadence-advancedheading.kt-adv-heading607_6e213c-68[data-kb-block=\"kb-adv-heading607_6e213c-68\"] mark.kt-highlight{font-style:normal;color:#f76a0c;-webkit-box-decoration-break:clone;box-decoration-break:clone;padding-top:0px;padding-right:0px;padding-bottom:0px;padding-left:0px;}.wp-block-kadence-advancedheading.kt-adv-heading607_6e213c-68 img.kb-inline-image, .wp-block-kadence-advancedheading.kt-adv-heading607_6e213c-68[data-kb-block=\"kb-adv-heading607_6e213c-68\"] img.kb-inline-image{width:150px;vertical-align:baseline;}<\/style>\n<h4 class=\"kt-adv-heading607_6e213c-68 wp-block-kadence-advancedheading\" data-kb-block=\"kb-adv-heading607_6e213c-68\">Moms satser, formater, bel\u00f8bsgr\u00e6nser<\/h4>\n\n\n\n<figure class=\"wp-block-table is-style-stripes\"><table><tbody><tr><td>Momssats<\/td><td><\/td><td>Betegnelse<\/td><td>Momsnr. format<\/td><td>Fjernsalgsgr\u00e6nse<\/td><td>Intrastat gr\u00e6nse<\/td><td><\/td><\/tr><tr><td>19%<\/td><td>(Standard)<\/td><td>MwSt<\/td><td>DE123456789<\/td><td>\u20ac 10,000 *)<\/td><td>\u20ac 3,000,000<\/td><td>(Import)<\/td><\/tr><tr><td>7%<\/td><td>(Reduceret)<\/td><td><\/td><td><\/td><td><\/td><td>\u20ac 1,000,000<\/td><td>(Eksport)<\/td><\/tr><\/tbody><\/table><\/figure>\n<\/div>\n<\/div>\n\n\n\n<div class=\"wp-block-columns is-layout-flex wp-container-core-columns-is-layout-9d6595d7 wp-block-columns-is-layout-flex\">\n<div class=\"wp-block-column is-layout-flow wp-block-column-is-layout-flow\">\n<p>*) G\u00e6ldende fra 01.07.2021 kan virksomheder tilmelde sig (One-stop-shop) OSS ordningen hos Skattestyrelsen, n\u00e5r den samlede gr\u00e6nseoverskridende fjernsalg af varer til forbrugere i andre EU-lande overstiger den f\u00e6lles t\u00e6rskel p\u00e5 \u20ac 10.000 (ekskl.moms) pr. kalender\u00e5r.<\/p>\n\n\n\n<p><strong>Moms rapportering termin<\/strong><br>M\u00e5nedlig, kvartalsvis eller \u00e5rlig<\/p>\n\n\n\n<p><strong>\u00c5rsindberetning<\/strong><br>Ja, hvis momsrapporteringen foretages m\u00e5nedligt eller kvartalsvist<\/p>\n\n\n\n<p><strong>EU Salgsliste termin<\/strong><br>M\u00e5nedlig eller kvartalsvis<\/p>\n\n\n\n<p><strong>EU K\u00f8bslister<\/strong><br>Nej<\/p>\n\n\n\n<p><strong>Andre rapporteringskrav<\/strong><br>Nej<\/p>\n\n\n\n<p><strong>Udvidet Reverse Charge<\/strong><br>Udvidet reverse charge g\u00e6lder for en r\u00e6kke services i Tyskland. Venligst kontakt os for yderligere information.<\/p>\n\n\n\n<p><strong>Fiscal repr\u00e6sentation<\/strong><br>Som hovedregel kan ikke-etablerede virksomheder undlade at udpege en fiscal repr\u00e6sentant i Tyskland, undtagelse er der dog for virksomheder med moderselskabet etableret udenfor EU.<\/p>\n\n\n\n<\/div>\n<\/div>\n","protected":false},"excerpt":{"rendered":"<p>Din professionelle partner i Tyskland TIMEVAT kender de tyske deadlines og laver gerne dine moms indberetninger og tyske intrastat. Kontakt os gerne for en uforpligtende snak. Hvis en virksomhed, der ikke er etableret i Tyskland, s\u00e6lger momspligtige produkter eller ydelser i Tyskland, skal virksomheden registreres for eksport moms Tyskland. If\u00f8lge EU\u2019s moms direktiv, er udenlandske&#8230;<\/p>","protected":false},"author":1,"featured_media":670,"parent":482,"menu_order":0,"comment_status":"closed","ping_status":"closed","template":"","meta":{"inline_featured_image":false,"_kad_blocks_custom_css":"","_kad_blocks_head_custom_js":"","_kad_blocks_body_custom_js":"","_kad_blocks_footer_custom_js":"","_kad_post_transparent":"","_kad_post_title":"","_kad_post_layout":"","_kad_post_sidebar_id":"","_kad_post_content_style":"","_kad_post_vertical_padding":"","_kad_post_feature":"","_kad_post_feature_position":"","_kad_post_header":false,"_kad_post_footer":false,"_kad_post_classname":"","footnotes":""},"class_list":["post-607","page","type-page","status-publish","has-post-thumbnail","hentry"],"yoast_head":"<!-- This site is optimized with the Yoast SEO plugin v27.1.1 - https:\/\/yoast.com\/product\/yoast-seo-wordpress\/ -->\n<title>Hj\u00e6lp til Moms i Tyskland | F\u00e5 Tysk momsnummer | TIMEVAT<\/title>\n<meta name=\"description\" content=\"F\u00e5 hj\u00e6lp til Moms i Tyskland og m\u00e5den det skal rapporteres. Hos TIMEVAT hj\u00e6lper vi med moms registrering i Tyskland, s\u00e5 du f\u00e5r et momsnummer. Kontakt os.\" \/>\n<meta name=\"robots\" content=\"index, follow, max-snippet:-1, max-image-preview:large, max-video-preview:-1\" \/>\n<link rel=\"canonical\" href=\"https:\/\/www.timevat.com\/en\/countries\/germany-export-vat\/\" \/>\n<meta property=\"og:locale\" content=\"en_GB\" \/>\n<meta property=\"og:type\" content=\"article\" \/>\n<meta property=\"og:title\" content=\"Hj\u00e6lp til Moms i Tyskland | F\u00e5 Tysk momsnummer | TIMEVAT\" \/>\n<meta property=\"og:description\" content=\"F\u00e5 hj\u00e6lp til Moms i Tyskland og m\u00e5den det skal rapporteres. Hos TIMEVAT hj\u00e6lper vi med moms registrering i Tyskland, s\u00e5 du f\u00e5r et momsnummer. Kontakt os.\" \/>\n<meta property=\"og:url\" content=\"https:\/\/www.timevat.com\/en\/countries\/germany-export-vat\/\" \/>\n<meta property=\"og:site_name\" content=\"TIMEVAT\" \/>\n<meta property=\"article:modified_time\" content=\"2026-02-04T12:47:32+00:00\" \/>\n<meta property=\"og:image\" content=\"https:\/\/www.timevat.com\/wp-content\/uploads\/ger.jpg\" \/>\n\t<meta property=\"og:image:width\" content=\"870\" \/>\n\t<meta property=\"og:image:height\" content=\"570\" \/>\n\t<meta property=\"og:image:type\" content=\"image\/jpeg\" \/>\n<meta name=\"twitter:card\" content=\"summary_large_image\" \/>\n<meta name=\"twitter:label1\" content=\"Estimated reading time\" \/>\n\t<meta name=\"twitter:data1\" content=\"3 minutes\" \/>\n<script type=\"application\/ld+json\" class=\"yoast-schema-graph\">{\"@context\":\"https:\/\/schema.org\",\"@graph\":[{\"@type\":\"WebPage\",\"@id\":\"https:\/\/www.timevat.com\/lande\/tyskland-eksport-moms\/\",\"url\":\"https:\/\/www.timevat.com\/lande\/tyskland-eksport-moms\/\",\"name\":\"Hj\u00e6lp til Moms i Tyskland | F\u00e5 Tysk momsnummer | TIMEVAT\",\"isPartOf\":{\"@id\":\"https:\/\/www.timevat.com\/#website\"},\"primaryImageOfPage\":{\"@id\":\"https:\/\/www.timevat.com\/lande\/tyskland-eksport-moms\/#primaryimage\"},\"image\":{\"@id\":\"https:\/\/www.timevat.com\/lande\/tyskland-eksport-moms\/#primaryimage\"},\"thumbnailUrl\":\"https:\/\/www.timevat.com\/wp-content\/uploads\/ger.jpg\",\"datePublished\":\"2019-07-10T10:18:27+00:00\",\"dateModified\":\"2026-02-04T12:47:32+00:00\",\"description\":\"F\u00e5 hj\u00e6lp til Moms i Tyskland og m\u00e5den det skal rapporteres. Hos TIMEVAT hj\u00e6lper vi med moms registrering i Tyskland, s\u00e5 du f\u00e5r et momsnummer. Kontakt os.\",\"breadcrumb\":{\"@id\":\"https:\/\/www.timevat.com\/lande\/tyskland-eksport-moms\/#breadcrumb\"},\"inLanguage\":\"en-GB\",\"potentialAction\":[{\"@type\":\"ReadAction\",\"target\":[\"https:\/\/www.timevat.com\/lande\/tyskland-eksport-moms\/\"]}]},{\"@type\":\"ImageObject\",\"inLanguage\":\"en-GB\",\"@id\":\"https:\/\/www.timevat.com\/lande\/tyskland-eksport-moms\/#primaryimage\",\"url\":\"https:\/\/www.timevat.com\/wp-content\/uploads\/ger.jpg\",\"contentUrl\":\"https:\/\/www.timevat.com\/wp-content\/uploads\/ger.jpg\",\"width\":870,\"height\":570},{\"@type\":\"BreadcrumbList\",\"@id\":\"https:\/\/www.timevat.com\/lande\/tyskland-eksport-moms\/#breadcrumb\",\"itemListElement\":[{\"@type\":\"ListItem\",\"position\":1,\"name\":\"Hjem\",\"item\":\"https:\/\/www.timevat.com\/\"},{\"@type\":\"ListItem\",\"position\":2,\"name\":\"Lande\",\"item\":\"https:\/\/www.timevat.com\/lande\/\"},{\"@type\":\"ListItem\",\"position\":3,\"name\":\"Moms i Tyskland\"}]},{\"@type\":\"WebSite\",\"@id\":\"https:\/\/www.timevat.com\/#website\",\"url\":\"https:\/\/www.timevat.com\/\",\"name\":\"TIMEVAT\",\"description\":\"\",\"publisher\":{\"@id\":\"https:\/\/www.timevat.com\/#organization\"},\"potentialAction\":[{\"@type\":\"SearchAction\",\"target\":{\"@type\":\"EntryPoint\",\"urlTemplate\":\"https:\/\/www.timevat.com\/?s={search_term_string}\"},\"query-input\":{\"@type\":\"PropertyValueSpecification\",\"valueRequired\":true,\"valueName\":\"search_term_string\"}}],\"inLanguage\":\"en-GB\"},{\"@type\":\"Organization\",\"@id\":\"https:\/\/www.timevat.com\/#organization\",\"name\":\"TIMEVAT A\/S\",\"url\":\"https:\/\/www.timevat.com\/\",\"logo\":{\"@type\":\"ImageObject\",\"inLanguage\":\"en-GB\",\"@id\":\"https:\/\/www.timevat.com\/#\/schema\/logo\/image\/\",\"url\":\"https:\/\/www.timevat.com\/wp-content\/uploads\/TimevatFINALfarveLILLE1.png\",\"contentUrl\":\"https:\/\/www.timevat.com\/wp-content\/uploads\/TimevatFINALfarveLILLE1.png\",\"width\":308,\"height\":60,\"caption\":\"TIMEVAT A\/S\"},\"image\":{\"@id\":\"https:\/\/www.timevat.com\/#\/schema\/logo\/image\/\"},\"sameAs\":[\"https:\/\/www.linkedin.com\/company\/timevat-a-s\/about\/\"]}]}<\/script>\n<!-- \/ Yoast SEO plugin. -->","yoast_head_json":{"title":"Hj\u00e6lp til Moms i Tyskland | F\u00e5 Tysk momsnummer | TIMEVAT","description":"F\u00e5 hj\u00e6lp til Moms i Tyskland og m\u00e5den det skal rapporteres. Hos TIMEVAT hj\u00e6lper vi med moms registrering i Tyskland, s\u00e5 du f\u00e5r et momsnummer. Kontakt os.","robots":{"index":"index","follow":"follow","max-snippet":"max-snippet:-1","max-image-preview":"max-image-preview:large","max-video-preview":"max-video-preview:-1"},"canonical":"https:\/\/www.timevat.com\/en\/countries\/germany-export-vat\/","og_locale":"en_GB","og_type":"article","og_title":"Hj\u00e6lp til Moms i Tyskland | F\u00e5 Tysk momsnummer | TIMEVAT","og_description":"F\u00e5 hj\u00e6lp til Moms i Tyskland og m\u00e5den det skal rapporteres. Hos TIMEVAT hj\u00e6lper vi med moms registrering i Tyskland, s\u00e5 du f\u00e5r et momsnummer. Kontakt os.","og_url":"https:\/\/www.timevat.com\/en\/countries\/germany-export-vat\/","og_site_name":"TIMEVAT","article_modified_time":"2026-02-04T12:47:32+00:00","og_image":[{"width":870,"height":570,"url":"https:\/\/www.timevat.com\/wp-content\/uploads\/ger.jpg","type":"image\/jpeg"}],"twitter_card":"summary_large_image","twitter_misc":{"Estimated reading time":"3 minutes"},"schema":{"@context":"https:\/\/schema.org","@graph":[{"@type":"WebPage","@id":"https:\/\/www.timevat.com\/lande\/tyskland-eksport-moms\/","url":"https:\/\/www.timevat.com\/lande\/tyskland-eksport-moms\/","name":"Hj\u00e6lp til Moms i Tyskland | F\u00e5 Tysk momsnummer | TIMEVAT","isPartOf":{"@id":"https:\/\/www.timevat.com\/#website"},"primaryImageOfPage":{"@id":"https:\/\/www.timevat.com\/lande\/tyskland-eksport-moms\/#primaryimage"},"image":{"@id":"https:\/\/www.timevat.com\/lande\/tyskland-eksport-moms\/#primaryimage"},"thumbnailUrl":"https:\/\/www.timevat.com\/wp-content\/uploads\/ger.jpg","datePublished":"2019-07-10T10:18:27+00:00","dateModified":"2026-02-04T12:47:32+00:00","description":"F\u00e5 hj\u00e6lp til Moms i Tyskland og m\u00e5den det skal rapporteres. Hos TIMEVAT hj\u00e6lper vi med moms registrering i Tyskland, s\u00e5 du f\u00e5r et momsnummer. Kontakt os.","breadcrumb":{"@id":"https:\/\/www.timevat.com\/lande\/tyskland-eksport-moms\/#breadcrumb"},"inLanguage":"en-GB","potentialAction":[{"@type":"ReadAction","target":["https:\/\/www.timevat.com\/lande\/tyskland-eksport-moms\/"]}]},{"@type":"ImageObject","inLanguage":"en-GB","@id":"https:\/\/www.timevat.com\/lande\/tyskland-eksport-moms\/#primaryimage","url":"https:\/\/www.timevat.com\/wp-content\/uploads\/ger.jpg","contentUrl":"https:\/\/www.timevat.com\/wp-content\/uploads\/ger.jpg","width":870,"height":570},{"@type":"BreadcrumbList","@id":"https:\/\/www.timevat.com\/lande\/tyskland-eksport-moms\/#breadcrumb","itemListElement":[{"@type":"ListItem","position":1,"name":"Hjem","item":"https:\/\/www.timevat.com\/"},{"@type":"ListItem","position":2,"name":"Lande","item":"https:\/\/www.timevat.com\/lande\/"},{"@type":"ListItem","position":3,"name":"Moms i Tyskland"}]},{"@type":"WebSite","@id":"https:\/\/www.timevat.com\/#website","url":"https:\/\/www.timevat.com\/","name":"TIMEVAT","description":"","publisher":{"@id":"https:\/\/www.timevat.com\/#organization"},"potentialAction":[{"@type":"SearchAction","target":{"@type":"EntryPoint","urlTemplate":"https:\/\/www.timevat.com\/?s={search_term_string}"},"query-input":{"@type":"PropertyValueSpecification","valueRequired":true,"valueName":"search_term_string"}}],"inLanguage":"en-GB"},{"@type":"Organization","@id":"https:\/\/www.timevat.com\/#organization","name":"TIMEVAT A\/S","url":"https:\/\/www.timevat.com\/","logo":{"@type":"ImageObject","inLanguage":"en-GB","@id":"https:\/\/www.timevat.com\/#\/schema\/logo\/image\/","url":"https:\/\/www.timevat.com\/wp-content\/uploads\/TimevatFINALfarveLILLE1.png","contentUrl":"https:\/\/www.timevat.com\/wp-content\/uploads\/TimevatFINALfarveLILLE1.png","width":308,"height":60,"caption":"TIMEVAT A\/S"},"image":{"@id":"https:\/\/www.timevat.com\/#\/schema\/logo\/image\/"},"sameAs":["https:\/\/www.linkedin.com\/company\/timevat-a-s\/about\/"]}]}},"taxonomy_info":[],"featured_image_src_large":["https:\/\/www.timevat.com\/wp-content\/uploads\/ger.jpg",870,570,false],"author_info":{"display_name":"admin","author_link":"https:\/\/www.timevat.com\/en\/author\/admin\/"},"comment_info":0,"_links":{"self":[{"href":"https:\/\/www.timevat.com\/en\/wp-json\/wp\/v2\/pages\/607","targetHints":{"allow":["GET"]}}],"collection":[{"href":"https:\/\/www.timevat.com\/en\/wp-json\/wp\/v2\/pages"}],"about":[{"href":"https:\/\/www.timevat.com\/en\/wp-json\/wp\/v2\/types\/page"}],"author":[{"embeddable":true,"href":"https:\/\/www.timevat.com\/en\/wp-json\/wp\/v2\/users\/1"}],"replies":[{"embeddable":true,"href":"https:\/\/www.timevat.com\/en\/wp-json\/wp\/v2\/comments?post=607"}],"version-history":[{"count":16,"href":"https:\/\/www.timevat.com\/en\/wp-json\/wp\/v2\/pages\/607\/revisions"}],"predecessor-version":[{"id":5234,"href":"https:\/\/www.timevat.com\/en\/wp-json\/wp\/v2\/pages\/607\/revisions\/5234"}],"up":[{"embeddable":true,"href":"https:\/\/www.timevat.com\/en\/wp-json\/wp\/v2\/pages\/482"}],"wp:featuredmedia":[{"embeddable":true,"href":"https:\/\/www.timevat.com\/en\/wp-json\/wp\/v2\/media\/670"}],"wp:attachment":[{"href":"https:\/\/www.timevat.com\/en\/wp-json\/wp\/v2\/media?parent=607"}],"curies":[{"name":"wp","href":"https:\/\/api.w.org\/{rel}","templated":true}]}}